{"id":34580,"date":"2021-11-24T14:42:41","date_gmt":"2021-11-24T13:42:41","guid":{"rendered":"https:\/\/www.ecabs.com.mt\/careers\/"},"modified":"2024-02-06T15:17:23","modified_gmt":"2024-02-06T14:17:23","slug":"careers","status":"publish","type":"page","link":"https:\/\/ecabs.com.mt\/tr\/careers\/","title":{"rendered":"Kariyerler"},"content":{"rendered":"<div id='av_section_1'  class='avia-section main_color avia-section-default avia-no-border-styling  avia-bg-style-scroll  avia-builder-el-0  el_before_av_section  avia-builder-el-first  txtlft-grid-by-2-sect padd-bot-0 padd-top-86 grid-cols-1fr-588  container_wrap fullsize' style=' '  ><div class='container' ><main  role=\"main\" itemprop=\"mainContentOfPage\"  class='template-page content  av-content-full alpha units'><div class='post-entry post-entry-type-page post-entry-34580'><div class='entry-content-wrapper clearfix'>\n<div class='flex_column_table av-equal-height-column-flextable -flextable' ><div class=\"flex_column av_one_half  flex_column_table_cell av-equal-height-column av-align-middle av-zero-column-padding first  avia-builder-el-1  el_before_av_one_half  avia-builder-el-first  \" style='border-radius:0px; '><p><div  style='padding-bottom:10px; ' class='av-special-heading av-special-heading-h1  blockquote modern-quote  avia-builder-el-2  el_before_av_textblock  avia-builder-el-first  h1-section-title '><h1 class='av-special-heading-tag '  itemprop=\"headline\"  >Kazanan bir ekip<\/h1><div class='special-heading-border'><div class='special-heading-inner-border' ><\/div><\/div><\/div><br \/>\n<section class=\"av_textblock_section \"  itemscope=\"itemscope\" itemtype=\"https:\/\/schema.org\/CreativeWork\" ><div class='avia_textblock ecabs-p-subtitle '   itemprop=\"text\" ><p>Kazanan bir ekibe kat\u0131lma olas\u0131l\u0131\u011f\u0131 sizi heyecanland\u0131r\u0131yor mu?<\/p>\n<p>\u015eirketimizden heyecan verici haberleri payla\u015ft\u0131\u011f\u0131m\u0131z ve yetenekli ekip \u00fcyelerimizin ya\u015famlar\u0131na bir bak\u0131\u015f sundu\u011fumuz eCabs\u2019te Ya\u015fam blo\u011fumuz arac\u0131l\u0131\u011f\u0131yla eCabs d\u00fcnyas\u0131n\u0131 deneyimleyin.<\/p>\n<\/div><\/section><br \/>\n<div  class='avia-button-wrap avia-button-left  avia-builder-el-4  el_after_av_textblock  avia-builder-el-last  ecabs-btn ecabs-btn-200 btn-blue-outline' ><a href='#job-openings'  class='avia-button  avia-color-theme-color   avia-icon_select-no avia-size-small avia-position-left '   ><span class='avia_iconbox_title' >\u0130\u015f olanaklar\u0131n\u0131 g\u00f6r\u00fcnt\u00fcleyin<\/span><\/a><\/div><\/p><\/div><div class='av-flex-placeholder'><\/div><div class=\"flex_column av_one_half  flex_column_table_cell av-equal-height-column av-align-middle av-zero-column-padding   avia-builder-el-5  el_after_av_one_half  avia-builder-el-last  \" style='border-radius:0px; '><div  class='avia-image-container  av-styling-    avia-builder-el-6  avia-builder-el-no-sibling  img-height-448 avia-align-center '  itemprop=\"image\" itemscope=\"itemscope\" itemtype=\"https:\/\/schema.org\/ImageObject\"  ><div class='avia-image-container-inner'><div class='avia-image-overlay-wrap'><img decoding=\"async\" class='wp-image-0 avia-img-lazy-loading-not-0 avia_image' src=\"https:\/\/ecabs.com.mt\/wp-content\/uploads\/2022\/01\/Careers.jpg\" alt='' title=''   itemprop=\"thumbnailUrl\"  \/><\/div><\/div><\/div><\/div><\/div><!--close column table wrapper. Autoclose: 1 -->\n\n<\/div><\/div><\/main><!-- close content main element --><\/div><\/div><div id='av_section_2'  class='avia-section main_color avia-section-default avia-no-border-styling  avia-bg-style-scroll  avia-builder-el-7  el_after_av_section  el_before_av_section  padd-topbot-146 single-centered-par-sect careers-centered-para  container_wrap fullsize' style=' '  ><div class='container' ><div class='template-page content  av-content-full alpha units'><div class='post-entry post-entry-type-page post-entry-34580'><div class='entry-content-wrapper clearfix'>\n<div class=\"flex_column av_one_full  flex_column_div av-zero-column-padding first  avia-builder-el-8  avia-builder-el-no-sibling  \" style='border-radius:0px; '><div  style='padding-bottom:10px; ' class='av-special-heading av-special-heading-h3  blockquote modern-quote modern-centered  avia-builder-el-9  avia-builder-el-no-sibling  h3-under-section-title '><h3 class='av-special-heading-tag '  itemprop=\"headline\"  >eCabs\u2019te ki\u015fisel ve mesleki geli\u015fime y\u00f6nelik doyumsuz bir a\u00e7l\u0131kla ve mobilitede daha iyi bir gelecek in\u015fa etme arzusuyla \u00e7al\u0131\u015fan, benzer zihniyete sahip uzmanlar i\u00e7in bir ortam yarat\u0131yoruz.<\/h3><div class='special-heading-border'><div class='special-heading-inner-border' ><\/div><\/div><\/div><\/div>\n\n<\/div><\/div><\/div><!-- close content main div --><\/div><\/div><div id='av_section_3'  class='avia-section main_color avia-section-default avia-no-border-styling  avia-bg-style-scroll  avia-builder-el-10  el_after_av_section  el_before_av_section  values-culture-section padd-topbot-200 mobile-text-align-left  container_wrap fullsize' style='background-color: #f1f6fc;  '  ><div class='container' ><div class='template-page content  av-content-full alpha units'><div class='post-entry post-entry-type-page post-entry-34580'><div class='entry-content-wrapper clearfix'>\n<div class='flex_column_table av-equal-height-column-flextable -flextable' ><div class=\"flex_column av_one_third  flex_column_table_cell av-equal-height-column av-align-top av-zero-column-padding first  avia-builder-el-11  el_before_av_two_third  avia-builder-el-first  \" style='border-radius:0px; '><div  style='padding-bottom:10px; ' class='av-special-heading av-special-heading-h2  blockquote modern-quote  avia-builder-el-12  avia-builder-el-no-sibling  h2-section-title '><h2 class='av-special-heading-tag '  itemprop=\"headline\"  >De\u011ferler ve k\u00fclt\u00fcr<\/h2><div class='special-heading-border'><div class='special-heading-inner-border' ><\/div><\/div><\/div><\/div><div class='av-flex-placeholder'><\/div><div class=\"flex_column av_two_third  flex_column_table_cell av-equal-height-column av-align-top av-zero-column-padding   avia-builder-el-13  el_after_av_one_third  avia-builder-el-last  \" style='border-radius:0px; '><\/div><\/div><!--close column table wrapper. Autoclose: 1 -->\n\n<\/div><\/div><\/div><!-- close content main div --><\/div><\/div><div id='work-at-ecabs'  class='avia-section main_color avia-section-default avia-no-border-styling  avia-bg-style-scroll  avia-builder-el-15  el_after_av_section  el_before_av_section  padd-topbot-200 max-width-1110 mobile-text-align-left  container_wrap fullsize' style=' '  ><div class='container' ><div class='template-page content  av-content-full alpha units'><div class='post-entry post-entry-type-page post-entry-34580'><div class='entry-content-wrapper clearfix'>\n<div class='flex_column_table av-equal-height-column-flextable -flextable' ><div class=\"flex_column av_one_full  flex_column_table_cell av-equal-height-column av-align-middle av-zero-column-padding first  avia-builder-el-16  avia-builder-el-no-sibling  \" style='border-radius:0px; '><p><div  style='padding-bottom:10px; ' class='av-special-heading av-special-heading-h3  blockquote modern-quote  avia-builder-el-17  el_before_av_heading  avia-builder-el-first  h3-subtitle '><h3 class='av-special-heading-tag '  itemprop=\"headline\"  >ECABS\u2019TE \u00c7ALI\u015eMAK<\/h3><div class='special-heading-border'><div class='special-heading-inner-border' ><\/div><\/div><\/div><br \/>\n<div  style='padding-bottom:10px; ' class='av-special-heading av-special-heading-h2  blockquote modern-quote  avia-builder-el-18  el_after_av_heading  el_before_av_heading  h2-section-title '><h2 class='av-special-heading-tag '  itemprop=\"headline\"  >En iyi h\u00e2linizi ortaya \u00e7\u0131kar\u0131n<\/h2><div class='special-heading-border'><div class='special-heading-inner-border' ><\/div><\/div><\/div><br \/>\n<div  style='padding-bottom:10px; ' class='av-special-heading av-special-heading-h3  blockquote modern-quote  avia-builder-el-19  el_after_av_heading  el_before_av_textblock  h3-under-section-title '><h3 class='av-special-heading-tag '  itemprop=\"headline\"  >Size ki\u015fisel ve mesleki a\u00e7\u0131dan geli\u015fme \u00f6zg\u00fcrl\u00fc\u011f\u00fc tan\u0131yan bir k\u00fclt\u00fcr\u00fc te\u015fvik ediyoruz.<\/h3><div class='special-heading-border'><div class='special-heading-inner-border' ><\/div><\/div><\/div><br \/>\n<section class=\"av_textblock_section \"  itemscope=\"itemscope\" itemtype=\"https:\/\/schema.org\/CreativeWork\" ><div class='avia_textblock ecabs-p-18 '   itemprop=\"text\" ><div class=\"ecabs-emoji-list-grid\">\n<div class=\"ecabs-emoji-list-content\">\n<p class=\"ecabs-p-18\"><i class=\"emoji-icon eyes-icon\"><\/i>Vizyonumuzu \u00f6\u011frenin<\/p>\n<p class=\"ecabs-p\">Kendi vizyonunuzu bizim vizyonumuzla uyumlu h\u00e2le getirin ve izleyece\u011finiz yolu \u00e7izin.<\/p>\n<\/div>\n<div class=\"ecabs-emoji-list-content\">\n<p class=\"ecabs-p-18\"><i class=\"emoji-icon sparkles-icon\"><\/i>Ba\u015flang\u0131\u00e7 noktas\u0131na ilerleyin, \u00f6d\u00fcl\u00fcn\u00fcz\u00fc al\u0131n<\/p>\n<p class=\"ecabs-p\">\u0130stedi\u011finiz kadar geli\u015fmenizin te\u015fvik edildi\u011fi bir k\u00fclt\u00fcrde tam olarak bunu yap\u0131n.<\/p>\n<\/div>\n<div class=\"ecabs-emoji-list-content\">\n<p class=\"ecabs-p-18\"><i class=\"emoji-icon racecar-icon\"><\/i>Kemerlerinizi ba\u011flay\u0131n<\/p>\n<p class=\"ecabs-p\">Tempolu yolculu\u011fun ve beraberinde gelen e\u011flencenin tad\u0131n\u0131 \u00e7\u0131kar\u0131n.<\/p>\n<\/div>\n<div class=\"ecabs-emoji-list-content\">\n<p class=\"ecabs-p-18\"><i class=\"emoji-icon clap-icon\"><\/i>\u0130\u015fe gelin ve en iyi performans\u0131n\u0131z\u0131 g\u00f6sterin<\/p>\n<p class=\"ecabs-p\">Sizden ba\u015fka hi\u00e7bir \u015fey istemiyoruz. Kar\u015f\u0131l\u0131\u011f\u0131nda \u00f6d\u00fcllendirileceksiniz.<\/p>\n<\/div>\n<div class=\"ecabs-emoji-list-content\">\n<p class=\"ecabs-p-18\"><i class=\"emoji-icon love-icon\"><\/i>Harika arkada\u015flar edinin<\/p>\n<p class=\"ecabs-p\">Herkes yard\u0131ma haz\u0131rd\u0131r ve ayn\u0131 hedefler do\u011frultusunda hareket eder.<\/p>\n<\/div>\n<div class=\"ecabs-emoji-list-content\">\n<p class=\"ecabs-p-18\"><i class=\"emoji-icon roller-icon\"><\/i>Risk al\u0131n, zaferleri kutlay\u0131n ve ba\u015far\u0131s\u0131zl\u0131klar\u0131 kucaklay\u0131n<\/p>\n<p class=\"ecabs-p\">\u00d6\u011frenmek i\u00e7in daha iyi bir yol yoktur.<\/p>\n<\/div>\n<div class=\"ecabs-emoji-list-content\">\n<p class=\"ecabs-p-18\"><i class=\"emoji-icon nerd-icon\"><\/i>\u0130\u015f arkada\u015flar\u0131n\u0131z\u0131n geli\u015fmesine yard\u0131mc\u0131 olun<\/p>\n<p class=\"ecabs-p\">Toplu geli\u015fme \u00e7ok daha tatmin edicidir.<\/p>\n<\/div>\n<div class=\"ecabs-emoji-list-content\">\n<p class=\"ecabs-p-18\"><i class=\"emoji-icon rocket-icon\"><\/i>M\u00fckemmelli\u011fi arzulay\u0131n<\/p>\n<p class=\"ecabs-p\">Bizimle tam olarak uyum i\u00e7inde ve y\u00fckselmeye haz\u0131r olacaks\u0131n\u0131z.<\/p>\n<\/div>\n<\/div>\n<\/div><\/section><\/p><\/div><\/div><!--close column table wrapper. Autoclose: 1 -->\n\n<\/div><\/div><\/div><!-- close content main div --><\/div><\/div><div id='av_section_5'  class='avia-section main_color avia-section-default avia-no-border-styling  avia-bg-style-scroll  avia-builder-el-21  el_after_av_section  el_before_av_section  txtright-grid-by-2-sect padd-top-0 padd-bot-200 max-width-1110 grid-col-2fr-1fr mob-img-left-top crafting-tech-sect  container_wrap fullsize' style=' '  ><div class='container' ><div class='template-page content  av-content-full alpha units'><div class='post-entry post-entry-type-page post-entry-34580'><div class='entry-content-wrapper clearfix'>\n<div class='flex_column_table av-equal-height-column-flextable -flextable' ><div class=\"flex_column av_one_half  flex_column_table_cell av-equal-height-column av-align-middle av-zero-column-padding first  avia-builder-el-22  el_before_av_one_half  avia-builder-el-first  img-left \" style='border-radius:0px; '><div  class='avia-image-container  av-styling-    avia-builder-el-23  avia-builder-el-no-sibling  img-height-448 avia-align-center '  itemprop=\"image\" itemscope=\"itemscope\" itemtype=\"https:\/\/schema.org\/ImageObject\"  ><div class='avia-image-container-inner'><div class='avia-image-overlay-wrap'><img decoding=\"async\" class='wp-image-0 avia-img-lazy-loading-not-0 avia_image' src=\"https:\/\/ecabs.com.mt\/wp-content\/uploads\/2023\/05\/Careers-page-pic-newcropped.jpg\" alt='' title=''   itemprop=\"thumbnailUrl\"  \/><\/div><\/div><\/div><\/div><div class='av-flex-placeholder'><\/div><div class=\"flex_column av_one_half  flex_column_table_cell av-equal-height-column av-align-middle av-zero-column-padding   avia-builder-el-24  el_after_av_one_half  avia-builder-el-last  \" style='border-radius:0px; '><p><div  style='padding-bottom:10px; ' class='av-special-heading av-special-heading-h3  blockquote modern-quote  avia-builder-el-25  el_before_av_heading  avia-builder-el-first  h3-subtitle '><h3 class='av-special-heading-tag '  itemprop=\"headline\"  >TEKNOLOJ\u0130 VE M\u00dcHEND\u0130SL\u0130K<\/h3><div class='special-heading-border'><div class='special-heading-inner-border' ><\/div><\/div><\/div><br \/>\n<div  style='padding-bottom:10px; ' class='av-special-heading av-special-heading-h2  blockquote modern-quote  avia-builder-el-26  el_after_av_heading  el_before_av_textblock  h2-section-title '><h2 class='av-special-heading-tag '  itemprop=\"headline\"  >Teknoloji \u00fcretimi<\/h2><div class='special-heading-border'><div class='special-heading-inner-border' ><\/div><\/div><\/div><br \/>\n<section class=\"av_textblock_section \"  itemscope=\"itemscope\" itemtype=\"https:\/\/schema.org\/CreativeWork\" ><div class='avia_textblock ecabs-p '   itemprop=\"text\" ><p>Mobiliteyi gelece\u011fe uygun bi\u00e7imde \u015fekillendirerek insanlar\u0131n g\u00fcnl\u00fck ya\u015famlar\u0131nda olumlu bir etki yarat\u0131n.<\/p>\n<\/div><\/section><br \/>\n<div  class='avia-button-wrap avia-button-left  avia-builder-el-28  el_after_av_textblock  avia-builder-el-last  ecabs-btn ecabs-btn-200 btn-blue-outline' ><a href='https:\/\/ecabs.com.mt\/tr\/tech\/'  class='avia-button  avia-color-theme-color   avia-icon_select-no avia-size-small avia-position-left '   ><span class='avia_iconbox_title' >Daha fazla bilgi edinin<\/span><\/a><\/div><\/p><\/div><\/div><!--close column table wrapper. Autoclose: 1 -->\n\n<\/div><\/div><\/div><!-- close content main div --><\/div><\/div><div id='av_section_6'  class='avia-section main_color avia-section-default avia-no-border-styling  avia-bg-style-scroll  avia-builder-el-29  el_after_av_section  el_before_av_section  mobile-text-align-left padd-bot-0  container_wrap fullsize' style=' '  ><div class='container' ><div class='template-page content  av-content-full alpha units'><div class='post-entry post-entry-type-page post-entry-34580'><div class='entry-content-wrapper clearfix'>\n<div class='flex_column_table av-equal-height-column-flextable -flextable' ><div class=\"flex_column av_one_full  flex_column_table_cell av-equal-height-column av-align-middle av-zero-column-padding first  avia-builder-el-30  avia-builder-el-no-sibling  \" style='border-radius:0px; '><p><div  style='padding-bottom:10px; ' class='av-special-heading av-special-heading-h2  blockquote modern-quote  avia-builder-el-31  el_before_av_codeblock  avia-builder-el-first  h2-section-title '><h2 class='av-special-heading-tag '  itemprop=\"headline\"  >Ekiple tan\u0131\u015f\u0131n<\/h2><div class='special-heading-border'><div class='special-heading-inner-border' ><\/div><\/div><\/div><br \/>\n<\/p><\/div><\/div><!--close column table wrapper. Autoclose: 1 -->\n\n<\/div><\/div><\/div><!-- close content main div --><\/div><\/div><div id='job-openings'  class='avia-section main_color avia-section-default avia-no-border-styling  avia-bg-style-scroll  avia-builder-el-33  el_after_av_section  avia-builder-el-last  mobile-text-align-left join-the-team-section max-width-1110  container_wrap fullsize' style=' '  ><div class='container' ><div class='template-page content  av-content-full alpha units'><div class='post-entry post-entry-type-page post-entry-34580'><div class='entry-content-wrapper clearfix'>\n<div class='flex_column_table av-equal-height-column-flextable -flextable' ><div class=\"flex_column av_one_full  flex_column_table_cell av-equal-height-column av-align-middle av-zero-column-padding first  avia-builder-el-34  avia-builder-el-no-sibling  \" style='border-radius:0px; '><p><div  style='padding-bottom:10px; ' class='av-special-heading av-special-heading-h2  blockquote modern-quote modern-centered  avia-builder-el-35  el_before_av_textblock  avia-builder-el-first  h2-section-title mobile-text-center '><h2 class='av-special-heading-tag '  itemprop=\"headline\"  >Ekibimize kat\u0131l\u0131n<\/h2><div class='special-heading-border'><div class='special-heading-inner-border' ><\/div><\/div><\/div><br \/>\n<section class=\"av_textblock_section \"  itemscope=\"itemscope\" itemtype=\"https:\/\/schema.org\/CreativeWork\" ><div class='avia_textblock ecabs-p-18 emoji-spacing color-grey '   itemprop=\"text\" ><p style=\"text-align: center;\">Okuduklar\u0131n\u0131z ilginizi \u00e7ektiyse sizi b\u00f6yle alal\u0131m.<\/p>\n<\/div><\/section><br \/>\n<\/p><\/div><\/div><!--close column table wrapper. Autoclose: 1 -->\n\n","protected":false},"excerpt":{"rendered":"","protected":false},"author":2,"featured_media":0,"parent":0,"menu_order":0,"comment_status":"closed","ping_status":"closed","template":"","meta":{"inline_featured_image":false,"footnotes":""},"class_list":["post-34580","page","type-page","status-publish","hentry"],"yoast_head":"<!-- This site is optimized with the Yoast SEO Premium plugin v24.2 (Yoast SEO v24.2) - https:\/\/yoast.com\/wordpress\/plugins\/seo\/ -->\n<title>Kariyerler - eCabs App | Book a ride in minutes | eCabs Malta<\/title>\n<meta name=\"description\" content=\"Careers at eCabs foster an environment for like-minded specialists driven by an insatiable hunger for personal and professional growth.\" \/>\n<meta name=\"robots\" content=\"index, nofollow, max-snippet:-1, max-image-preview:large, max-video-preview:-1\" \/>\n<link rel=\"canonical\" href=\"https:\/\/ecabs.com.mt\/tr\/careers\/\" \/>\n<meta property=\"og:locale\" content=\"tr_TR\" \/>\n<meta property=\"og:type\" content=\"article\" \/>\n<meta property=\"og:title\" content=\"Kariyerler\" \/>\n<meta property=\"og:description\" content=\"Careers at eCabs foster an environment for like-minded specialists driven by an insatiable hunger for personal and professional growth.\" \/>\n<meta property=\"og:url\" content=\"https:\/\/ecabs.com.mt\/tr\/careers\/\" \/>\n<meta property=\"og:site_name\" content=\"eCabs App | Book a ride in minutes | eCabs Malta\" \/>\n<meta property=\"article:publisher\" content=\"https:\/\/www.facebook.com\/eCabsMalta\" \/>\n<meta property=\"article:modified_time\" content=\"2024-02-06T14:17:23+00:00\" \/>\n<meta property=\"og:image\" content=\"https:\/\/ecabs.com.mt\/wp-content\/uploads\/2025\/10\/eacbs-preview2.jpg\" \/>\n\t<meta property=\"og:image:width\" content=\"1200\" \/>\n\t<meta property=\"og:image:height\" content=\"630\" \/>\n\t<meta property=\"og:image:type\" content=\"image\/jpeg\" \/>\n<meta name=\"twitter:card\" content=\"summary_large_image\" \/>\n<meta name=\"twitter:label1\" content=\"Tahmini okuma s\u00fcresi\" \/>\n\t<meta name=\"twitter:data1\" content=\"7 dakika\" \/>\n<script type=\"application\/ld+json\" class=\"yoast-schema-graph\">{\"@context\":\"https:\/\/schema.org\",\"@graph\":[{\"@type\":\"WebPage\",\"@id\":\"https:\/\/ecabs.com.mt\/tr\/careers\/\",\"url\":\"https:\/\/ecabs.com.mt\/tr\/careers\/\",\"name\":\"Kariyerler - eCabs App | Book a ride in minutes | eCabs Malta\",\"isPartOf\":{\"@id\":\"https:\/\/ecabs.com.mt\/#website\"},\"datePublished\":\"2021-11-24T13:42:41+00:00\",\"dateModified\":\"2024-02-06T14:17:23+00:00\",\"description\":\"Careers at eCabs foster an environment for like-minded specialists driven by an insatiable hunger for personal and professional growth.\",\"breadcrumb\":{\"@id\":\"https:\/\/ecabs.com.mt\/tr\/careers\/#breadcrumb\"},\"inLanguage\":\"tr\",\"potentialAction\":[{\"@type\":\"ReadAction\",\"target\":[\"https:\/\/ecabs.com.mt\/tr\/careers\/\"]}]},{\"@type\":\"BreadcrumbList\",\"@id\":\"https:\/\/ecabs.com.mt\/tr\/careers\/#breadcrumb\",\"itemListElement\":[{\"@type\":\"ListItem\",\"position\":1,\"name\":\"Home\",\"item\":\"https:\/\/ecabs.com.mt\/tr\/home\/\"},{\"@type\":\"ListItem\",\"position\":2,\"name\":\"Kariyerler\"}]},{\"@type\":\"WebSite\",\"@id\":\"https:\/\/ecabs.com.mt\/#website\",\"url\":\"https:\/\/ecabs.com.mt\/\",\"name\":\"eCabs App | Book a ride in minutes | eCabs Malta\",\"description\":\"eCabs is Malta\u2019s leading cab company with a large fleet of taxis taking bookings 24\/7 through App, Web or by calling on 21383838\",\"potentialAction\":[{\"@type\":\"SearchAction\",\"target\":{\"@type\":\"EntryPoint\",\"urlTemplate\":\"https:\/\/ecabs.com.mt\/?s={search_term_string}\"},\"query-input\":{\"@type\":\"PropertyValueSpecification\",\"valueRequired\":true,\"valueName\":\"search_term_string\"}}],\"inLanguage\":\"tr\"}]}<\/script>\n<!-- \/ Yoast SEO Premium plugin. -->","yoast_head_json":{"title":"Kariyerler - eCabs App | Book a ride in minutes | eCabs Malta","description":"Careers at eCabs foster an environment for like-minded specialists driven by an insatiable hunger for personal and professional growth.","robots":{"index":"index","follow":"nofollow","max-snippet":"max-snippet:-1","max-image-preview":"max-image-preview:large","max-video-preview":"max-video-preview:-1"},"canonical":"https:\/\/ecabs.com.mt\/tr\/careers\/","og_locale":"tr_TR","og_type":"article","og_title":"Kariyerler","og_description":"Careers at eCabs foster an environment for like-minded specialists driven by an insatiable hunger for personal and professional growth.","og_url":"https:\/\/ecabs.com.mt\/tr\/careers\/","og_site_name":"eCabs App | Book a ride in minutes | eCabs Malta","article_publisher":"https:\/\/www.facebook.com\/eCabsMalta","article_modified_time":"2024-02-06T14:17:23+00:00","og_image":[{"width":1200,"height":630,"url":"https:\/\/ecabs.com.mt\/wp-content\/uploads\/2025\/10\/eacbs-preview2.jpg","type":"image\/jpeg"}],"twitter_card":"summary_large_image","twitter_misc":{"Tahmini okuma s\u00fcresi":"7 dakika"},"schema":{"@context":"https:\/\/schema.org","@graph":[{"@type":"WebPage","@id":"https:\/\/ecabs.com.mt\/tr\/careers\/","url":"https:\/\/ecabs.com.mt\/tr\/careers\/","name":"Kariyerler - eCabs App | Book a ride in minutes | eCabs Malta","isPartOf":{"@id":"https:\/\/ecabs.com.mt\/#website"},"datePublished":"2021-11-24T13:42:41+00:00","dateModified":"2024-02-06T14:17:23+00:00","description":"Careers at eCabs foster an environment for like-minded specialists driven by an insatiable hunger for personal and professional growth.","breadcrumb":{"@id":"https:\/\/ecabs.com.mt\/tr\/careers\/#breadcrumb"},"inLanguage":"tr","potentialAction":[{"@type":"ReadAction","target":["https:\/\/ecabs.com.mt\/tr\/careers\/"]}]},{"@type":"BreadcrumbList","@id":"https:\/\/ecabs.com.mt\/tr\/careers\/#breadcrumb","itemListElement":[{"@type":"ListItem","position":1,"name":"Home","item":"https:\/\/ecabs.com.mt\/tr\/home\/"},{"@type":"ListItem","position":2,"name":"Kariyerler"}]},{"@type":"WebSite","@id":"https:\/\/ecabs.com.mt\/#website","url":"https:\/\/ecabs.com.mt\/","name":"eCabs App | Book a ride in minutes | eCabs Malta","description":"eCabs is Malta\u2019s leading cab company with a large fleet of taxis taking bookings 24\/7 through App, Web or by calling on 21383838","potentialAction":[{"@type":"SearchAction","target":{"@type":"EntryPoint","urlTemplate":"https:\/\/ecabs.com.mt\/?s={search_term_string}"},"query-input":{"@type":"PropertyValueSpecification","valueRequired":true,"valueName":"search_term_string"}}],"inLanguage":"tr"}]}},"_links":{"self":[{"href":"https:\/\/ecabs.com.mt\/tr\/wp-json\/wp\/v2\/pages\/34580","targetHints":{"allow":["GET"]}}],"collection":[{"href":"https:\/\/ecabs.com.mt\/tr\/wp-json\/wp\/v2\/pages"}],"about":[{"href":"https:\/\/ecabs.com.mt\/tr\/wp-json\/wp\/v2\/types\/page"}],"author":[{"embeddable":true,"href":"https:\/\/ecabs.com.mt\/tr\/wp-json\/wp\/v2\/users\/2"}],"replies":[{"embeddable":true,"href":"https:\/\/ecabs.com.mt\/tr\/wp-json\/wp\/v2\/comments?post=34580"}],"version-history":[{"count":7,"href":"https:\/\/ecabs.com.mt\/tr\/wp-json\/wp\/v2\/pages\/34580\/revisions"}],"predecessor-version":[{"id":35944,"href":"https:\/\/ecabs.com.mt\/tr\/wp-json\/wp\/v2\/pages\/34580\/revisions\/35944"}],"wp:attachment":[{"href":"https:\/\/ecabs.com.mt\/tr\/wp-json\/wp\/v2\/media?parent=34580"}],"curies":[{"name":"wp","href":"https:\/\/api.w.org\/{rel}","templated":true}]}}