{"id":34575,"date":"2021-11-25T13:37:54","date_gmt":"2021-11-25T12:37:54","guid":{"rendered":"https:\/\/www.ecabs.com.mt\/ecabs-company\/"},"modified":"2024-02-07T11:24:45","modified_gmt":"2024-02-07T10:24:45","slug":"ecabs-company","status":"publish","type":"page","link":"https:\/\/ecabs.com.mt\/tr\/ecabs-company\/","title":{"rendered":"\u015eirket"},"content":{"rendered":"<div id='av_section_1'  class='avia-section main_color avia-section-default avia-no-border-styling  avia-bg-style-scroll  avia-builder-el-0  el_before_av_section  avia-builder-el-first  txtlft-grid-by-2-sect padd-bot-0 padd-top-86 grid-cols-1fr-588 company-header-sect  container_wrap fullsize' style=' '  ><div class='container' ><main  role=\"main\" itemprop=\"mainContentOfPage\"  class='template-page content  av-content-full alpha units'><div class='post-entry post-entry-type-page post-entry-34575'><div class='entry-content-wrapper clearfix'>\n<div class='flex_column_table av-equal-height-column-flextable -flextable' ><div class=\"flex_column av_one_half  flex_column_table_cell av-equal-height-column av-align-middle av-zero-column-padding first  avia-builder-el-1  el_before_av_one_half  avia-builder-el-first  \" style='border-radius:0px; '><p><div  style='padding-bottom:10px; ' class='av-special-heading av-special-heading-h1  blockquote modern-quote  avia-builder-el-2  el_before_av_textblock  avia-builder-el-first  h1-section-title '><h1 class='av-special-heading-tag '  itemprop=\"headline\"  >Daha iyi bir d\u00fcnyaya inan\u0131yoruz<\/h1><div class='special-heading-border'><div class='special-heading-inner-border' ><\/div><\/div><\/div><br \/>\n<section class=\"av_textblock_section \"  itemscope=\"itemscope\" itemtype=\"https:\/\/schema.org\/CreativeWork\" ><div class='avia_textblock ecabs-p-18 width-486-par mobile-text-center color-grey '   itemprop=\"text\" ><p>Ortak de\u011ferlere, payla\u015f\u0131lan g\u00fc\u00e7l\u00fc bir vizyona ve benzer zihniyete sahip insanlardan olu\u015fan bir kurulu\u015fuz. Zahmetsiz ve s\u00fcrd\u00fcr\u00fclebilir k\u00fcresel mobiliteyi m\u00fcmk\u00fcn k\u0131lan, g\u00fczel, veriye dayal\u0131 teknolojiler \u00fcretmek i\u00e7in yorulmadan \u00e7al\u0131\u015f\u0131yoruz.<\/p>\n<p>Buras\u0131 eCabs.<\/p>\n<\/div><\/section><\/p><\/div><div class='av-flex-placeholder'><\/div><div class=\"flex_column av_one_half  flex_column_table_cell av-equal-height-column av-align-middle av-zero-column-padding   avia-builder-el-4  el_after_av_one_half  avia-builder-el-last  \" style='border-radius:0px; '><div  class='avia-image-container  av-styling-    avia-builder-el-5  avia-builder-el-no-sibling  img-height-448 avia-align-center '  itemprop=\"image\" itemscope=\"itemscope\" itemtype=\"https:\/\/schema.org\/ImageObject\"  ><div class='avia-image-container-inner'><div class='avia-image-overlay-wrap'><img decoding=\"async\" class='wp-image-34576 avia-img-lazy-loading-not-34576 avia_image' src=\"https:\/\/ecabs.com.mt\/wp-content\/uploads\/2021\/12\/Image-3.jpg\" alt='Company' title='Company' height=\"448\" width=\"588\"  itemprop=\"thumbnailUrl\" srcset=\"https:\/\/ecabs.com.mt\/wp-content\/uploads\/2021\/12\/Image-3.jpg 588w, https:\/\/ecabs.com.mt\/wp-content\/uploads\/2021\/12\/Image-3-300x229.jpg 300w\" sizes=\"(max-width: 588px) 100vw, 588px\" \/><\/div><\/div><\/div><\/div><\/div><!--close column table wrapper. Autoclose: 1 -->\n\n<\/div><\/div><\/main><!-- close content main element --><\/div><\/div><div id='av_section_2'  class='avia-section main_color avia-section-default avia-no-border-styling  avia-bg-style-scroll  avia-builder-el-6  el_after_av_section  el_before_av_section  padd-top-200 max-width-1110 company-accordian  container_wrap fullsize' style=' '  ><div class='container' ><div class='template-page content  av-content-full alpha units'><div class='post-entry post-entry-type-page post-entry-34575'><div class='entry-content-wrapper clearfix'>\n<div class='flex_column_table av-equal-height-column-flextable -flextable' ><div class=\"flex_column av_one_full  flex_column_table_cell av-equal-height-column av-align-top av-zero-column-padding first  avia-builder-el-7  el_before_av_one_full  avia-builder-el-first  \" style='border-radius:0px; '><p><div  style='padding-bottom:10px; ' class='av-special-heading av-special-heading-h2  blockquote modern-quote  avia-builder-el-8  el_before_av_textblock  avia-builder-el-first  h2-section-title mobile-text-left '><h2 class='av-special-heading-tag '  itemprop=\"headline\"  >On y\u0131l\u0131 a\u015fk\u0131n bilgelik ve olgunluk<\/h2><div class='special-heading-border'><div class='special-heading-inner-border' ><\/div><\/div><\/div><br \/>\n<section class=\"av_textblock_section \"  itemscope=\"itemscope\" itemtype=\"https:\/\/schema.org\/CreativeWork\" ><div class='avia_textblock ecabs-p width-792-par mobile-text-left '   itemprop=\"text\" ><p>2009 y\u0131l\u0131nda yerel taksi sekt\u00f6r\u00fcnde \u00e7\u0131\u011f\u0131r a\u00e7an ve 7\/24 operasyonel m\u00fckemmellik ve bilgelik gibi paha bi\u00e7ilemez bir varl\u0131\u011fa sahip bir teknoloji \u015firketine d\u00f6n\u00fc\u015fen yeni kurulmu\u015f bir \u015firket. Malta\u2019n\u0131n yo\u011fun ve zorlu kara yolu a\u011f\u0131na hizmet eden tescilli teknolojileri s\u0131f\u0131rdan in\u015fa ederek ve k\u00fcresel markalarla ba\u015far\u0131yla rekabet ederek Malta\u2019da pazar\u0131n h\u00e2kimi olduk.<\/p>\n<\/div><\/section><\/p><\/div><\/div><!--close column table wrapper. Autoclose: 1 --><div class='flex_column_table av-equal-height-column-flextable -flextable' ><div class=\"flex_column av_one_full  flex_column_table_cell av-equal-height-column av-align-middle av-zero-column-padding first  avia-builder-el-10  el_after_av_one_full  avia-builder-el-last  no-marg-top column-top-margin\" style='border-radius:0px; '><p><section class=\"av_textblock_section \"  itemscope=\"itemscope\" itemtype=\"https:\/\/schema.org\/CreativeWork\" ><div class='avia_textblock ecabs-p-18 font-semibold hide-mobile '   itemprop=\"text\" ><p>CEO\u2019nun mesaj\u0131<\/p>\n<\/div><\/section><br \/>\n<section class=\"av_textblock_section \"  itemscope=\"itemscope\" itemtype=\"https:\/\/schema.org\/CreativeWork\" ><div class='avia_textblock ecabs-p border-grey-bottom text-align-left hide-mobile '   itemprop=\"text\" ><p>Yaln\u0131zca on y\u0131l \u00f6nce, metropol hayat\u0131n\u0131n dokusunu mobilite a\u00e7\u0131s\u0131ndan d\u00f6n\u00fc\u015ft\u00fcrerek t\u00fcm d\u00fcnyay\u0131 kas\u0131p kavuran bir hareket ba\u015flat\u0131ld\u0131. Bu hareket, e\u015fler aras\u0131 ara\u00e7 \u00e7a\u011f\u0131rmayd\u0131. Elbette her k\u00f6kl\u00fc de\u011fi\u015fiklik, pek \u00e7ok \u00e7alkalanmay\u0131 da beraberinde getirir. \u0130\u015fler de\u011fi\u015fti, ekonomiler olu\u015fturuldu, m\u00fc\u015fteri beklentileri kolayl\u0131\u011fa g\u00f6re ayarland\u0131 ve demir yolu \u015firketleri ile hava yolu \u015firketleri gibi di\u011fer dev ula\u015f\u0131m firmalar\u0131n\u0131n yan\u0131nda birdenbire yeni bir sekt\u00f6r ortaya \u00e7\u0131kt\u0131. Bu model; bireysel, talep \u00fczerine ve uygun fiyatl\u0131 seyahat bi\u00e7iminde, daha \u00f6nce ula\u015f\u0131lamayan d\u00fczeyde kolayl\u0131k sa\u011flad\u0131.<\/p>\n<p>eCabs bu piyasaya h\u00e2kim olan bir oyuncudur. Bu konumun bize toplum \u00fczerindeki etkimizi g\u00f6z \u00f6n\u00fcnde bulundurmam\u0131z y\u00f6n\u00fcnde bir sorumluluk y\u00fckledi\u011finin bilincindeyiz. Yolcular\u0131m\u0131za daha da fazla kolayl\u0131k sunarken ayn\u0131 zamanda s\u00fcr\u00fcc\u00fclerimizin \u00e7al\u0131\u015fmalar\u0131n\u0131n kar\u015f\u0131l\u0131\u011f\u0131n\u0131 adil bir \u015fekilde ald\u0131klar\u0131ndan, kendilerini g\u00fcvende hissettiklerinden ve ola\u011fan\u00fcst\u00fc kad\u0131n ve erkekler olduklar\u0131 i\u00e7in sayg\u0131 g\u00f6rd\u00fcklerinden emin olmak amac\u0131yla \u00e7ok \u00e7al\u0131\u015f\u0131yoruz. Ancak burada da durmuyoruz.<\/p>\n<p>Ba\u015far\u0131 i\u00e7in optimizasyona adanm\u0131\u015f ve teknolojiyle desteklenen, son derece m\u00fc\u015fteri odakl\u0131, egosu d\u00fc\u015f\u00fck bir k\u00fclt\u00fcre sahibiz. Bizi en ileri d\u00fczeyde tutan yenilikleri ve i\u015flevleri kullan\u0131ma alarak bu alanda \u00f6nc\u00fc olmay\u0131 s\u00fcrd\u00fcr\u00fcyoruz. Teknoloji, pazarlama, finans ve di\u011fer t\u00fcm i\u015f alanlar\u0131nda en iyi zihinlerden baz\u0131lar\u0131n\u0131, vizyonu gelecek y\u0131llarda ve on y\u0131llarda in\u015fa etmek i\u00e7in deneyimlerini ve uzmanl\u0131klar\u0131n\u0131 ortaya koyan zihinleri ar\u0131yor ve yeti\u015ftiriyoruz.<\/p>\n<p>eCabs\u2019i gelece\u011fin insanlar\u0131n\u0131n hakl\u0131 olarak talep etti\u011fi bir \u015firket, eCabs\u2019e gururla ikinci evleri diyecek insanlar\u0131n geli\u015fimine \u00f6nem veren \u015feffaf ve sorumlu bir i\u015fletme h\u00e2line getirmek i\u00e7in azimle \u00e7al\u0131\u015f\u0131rken birle\u015ftirici bir de\u011ferler sistemine uygun hareket ediyoruz. Temel ilkelerimizde her ekip \u00fcyesinin ki\u015fisel ve mesleki geli\u015fimine katk\u0131da bulunan destekleyici bir ortama de\u011fer verilir. Bu, her zaman d\u00fcr\u00fcst olan ve \u00f6rnek te\u015fkil eden bir bi\u00e7imde yenilik\u00e7ili\u011fi te\u015fvik edebildi\u011fimiz anlam\u0131na gelir.<\/p>\n<p>D\u00fcnya standartlar\u0131nda bir \u015fey in\u015fa etmek i\u00e7in iyimserlik ve yarat\u0131c\u0131 co\u015fkuyla k\u0131smen bi\u00e7imlendirdi\u011fimiz gelece\u011fe bak\u0131yoruz.<\/p>\n<p>Dayan\u0131kl\u0131l\u0131\u011f\u0131 \u015firketimizin ayr\u0131lmaz bir par\u00e7as\u0131 h\u00e2line getirirken harika zihinlerden olu\u015fan bir ekip yeti\u015ftirerek ve mobilitenin gelece\u011fini \u015fekillendirecek teknolojiyi geli\u015ftirerek d\u00fc\u015f\u00fcnme bi\u00e7imimizi gen\u00e7 ve son derece ara\u015ft\u0131rmac\u0131 tutuyoruz.<\/p>\n<p><strong>Matthew Bezzina<\/strong><\/p>\n<\/div><\/section><br \/>\n<div   class=\"togglecontainer   toggle_close_all  avia-builder-el-13  el_after_av_textblock  el_before_av_image  ecabs-accordian legal-accordian hide-desktop ecabs-p-strong-grey company-accordian\" >\n<section class=\"av_toggle_section\"  itemscope=\"itemscope\" itemtype=\"https:\/\/schema.org\/CreativeWork\"  >    <div role=\"tablist\" class=\"single_toggle\" data-tags=\"{T\u00fcm\u00fc} \"  >        <p data-fake-id=\"#toggle-id-1\" class=\"toggler \"  itemprop=\"headline\"    role=\"tab\" tabindex=\"0\" aria-controls=\"toggle-id-1\">CEO\u2019nun mesaj\u0131<span class=\"toggle_icon\" >        <span class=\"vert_icon\"><\/span><span class=\"hor_icon\"><\/span><\/span><\/p>        <div id=\"toggle-id-1\" class=\"toggle_wrap \"   >            <div class=\"toggle_content invers-color \"  itemprop=\"text\"   ><p>Yaln\u0131zca on y\u0131l \u00f6nce, metropol hayat\u0131n\u0131n dokusunu mobilite a\u00e7\u0131s\u0131ndan d\u00f6n\u00fc\u015ft\u00fcrerek t\u00fcm d\u00fcnyay\u0131 kas\u0131p kavuran bir hareket ba\u015flat\u0131ld\u0131. Bu hareket, e\u015fler aras\u0131 ara\u00e7 \u00e7a\u011f\u0131rmayd\u0131. Elbette her k\u00f6kl\u00fc de\u011fi\u015fiklik, pek \u00e7ok \u00e7alkalanmay\u0131 da beraberinde getirir. \u0130\u015fler de\u011fi\u015fti, ekonomiler olu\u015fturuldu, m\u00fc\u015fteri beklentileri kolayl\u0131\u011fa g\u00f6re ayarland\u0131 ve demir yolu \u015firketleri ile hava yolu \u015firketleri gibi di\u011fer dev ula\u015f\u0131m firmalar\u0131n\u0131n yan\u0131nda birdenbire yeni bir sekt\u00f6r ortaya \u00e7\u0131kt\u0131. Bu model; bireysel, talep \u00fczerine ve uygun fiyatl\u0131 seyahat bi\u00e7iminde, daha \u00f6nce ula\u015f\u0131lamayan d\u00fczeyde kolayl\u0131k sa\u011flad\u0131.<\/p>\n<p>eCabs bu piyasaya h\u00e2kim olan bir oyuncudur. Bu konumun bize toplum \u00fczerindeki etkimizi g\u00f6z \u00f6n\u00fcnde bulundurmam\u0131z y\u00f6n\u00fcnde bir sorumluluk y\u00fckledi\u011finin bilincindeyiz. Yolcular\u0131m\u0131za daha da fazla kolayl\u0131k sunarken ayn\u0131 zamanda s\u00fcr\u00fcc\u00fclerimizin \u00e7al\u0131\u015fmalar\u0131n\u0131n kar\u015f\u0131l\u0131\u011f\u0131n\u0131 adil bir \u015fekilde ald\u0131klar\u0131ndan, kendilerini g\u00fcvende hissettiklerinden ve ola\u011fan\u00fcst\u00fc kad\u0131n ve erkekler olduklar\u0131 i\u00e7in sayg\u0131 g\u00f6rd\u00fcklerinden emin olmak amac\u0131yla \u00e7ok \u00e7al\u0131\u015f\u0131yoruz. Ancak burada da durmuyoruz.<\/p>\n<p>Ba\u015far\u0131 i\u00e7in optimizasyona adanm\u0131\u015f ve teknolojiyle desteklenen, son derece m\u00fc\u015fteri odakl\u0131, egosu d\u00fc\u015f\u00fck bir k\u00fclt\u00fcre sahibiz. Bizi en ileri d\u00fczeyde tutan yenilikleri ve i\u015flevleri kullan\u0131ma alarak bu alanda \u00f6nc\u00fc olmay\u0131 s\u00fcrd\u00fcr\u00fcyoruz. Teknoloji, pazarlama, finans ve di\u011fer t\u00fcm i\u015f alanlar\u0131nda en iyi zihinlerden baz\u0131lar\u0131n\u0131, vizyonu gelecek y\u0131llarda ve on y\u0131llarda in\u015fa etmek i\u00e7in deneyimlerini ve uzmanl\u0131klar\u0131n\u0131 ortaya koyan zihinleri ar\u0131yor ve yeti\u015ftiriyoruz.<\/p>\n<p>eCabs\u2019i gelece\u011fin insanlar\u0131n\u0131n hakl\u0131 olarak talep etti\u011fi bir \u015firket, eCabs\u2019e gururla ikinci evleri diyecek insanlar\u0131n geli\u015fimine \u00f6nem veren \u015feffaf ve sorumlu bir i\u015fletme h\u00e2line getirmek i\u00e7in azimle \u00e7al\u0131\u015f\u0131rken birle\u015ftirici bir de\u011ferler sistemine uygun hareket ediyoruz. Temel ilkelerimizde her ekip \u00fcyesinin ki\u015fisel ve mesleki geli\u015fimine katk\u0131da bulunan destekleyici bir ortama de\u011fer verilir. Bu, her zaman d\u00fcr\u00fcst olan ve \u00f6rnek te\u015fkil eden bir bi\u00e7imde yenilik\u00e7ili\u011fi te\u015fvik edebildi\u011fimiz anlam\u0131na gelir.<\/p>\n<p>D\u00fcnya standartlar\u0131nda bir \u015fey in\u015fa etmek i\u00e7in iyimserlik ve yarat\u0131c\u0131 co\u015fkuyla k\u0131smen bi\u00e7imlendirdi\u011fimiz gelece\u011fe bak\u0131yoruz.<\/p>\n<p>Dayan\u0131kl\u0131l\u0131\u011f\u0131 \u015firketimizin ayr\u0131lmaz bir par\u00e7as\u0131 h\u00e2line getirirken harika zihinlerden olu\u015fan bir ekip yeti\u015ftirerek ve mobilitenin gelece\u011fini \u015fekillendirecek teknolojiyi geli\u015ftirerek d\u00fc\u015f\u00fcnme bi\u00e7imimizi gen\u00e7 ve son derece ara\u015ft\u0131rmac\u0131 tutuyoruz.<\/p>\n<p><strong>Matthew Bezzina<\/strong><\/p>\n            <\/div>        <\/div>    <\/div><\/section>\n<\/div><br \/>\n<div  class='avia-image-container  av-styling-    avia-builder-el-14  el_after_av_toggle_container  avia-builder-el-last  img-height-560 avia-align-center '  itemprop=\"image\" itemscope=\"itemscope\" itemtype=\"https:\/\/schema.org\/ImageObject\"  ><div class='avia-image-container-inner'><div class='avia-image-overlay-wrap'><img decoding=\"async\" class='wp-image-0 avia-img-lazy-loading-not-0 avia_image' src=\"https:\/\/ecabs.com.mt\/wp-content\/uploads\/2022\/01\/CEO-Message-copy.jpg\" alt='' title=''   itemprop=\"thumbnailUrl\"  \/><\/div><\/div><\/div><\/p><\/div><\/div><!--close column table wrapper. Autoclose: 1 -->\n\n<\/div><\/div><\/div><!-- close content main div --><\/div><\/div><div id='av_section_3'  class='avia-section main_color avia-section-default avia-no-border-styling  avia-bg-style-scroll  avia-builder-el-15  el_after_av_section  el_before_av_section  tech-photos-sect no-padd-topbot tech-photos-mod-padd  container_wrap fullsize' style=' '  ><div class='container' ><div class='template-page content  av-content-full alpha units'><div class='post-entry post-entry-type-page post-entry-34575'><div class='entry-content-wrapper clearfix'>\n<div class='flex_column_table av-equal-height-column-flextable -flextable' ><div class=\"flex_column av_one_full  flex_column_table_cell av-equal-height-column av-align-middle av-zero-column-padding first  avia-builder-el-16  avia-builder-el-no-sibling  \" style='border-radius:0px; '><\/div><\/div><!--close column table wrapper. Autoclose: 1 -->\n\n<\/div><\/div><\/div><!-- close content main div --><\/div><\/div><div id='av_section_4'  class='avia-section main_color avia-section-default avia-no-border-styling  avia-bg-style-scroll  avia-builder-el-18  el_after_av_section  avia-builder-el-last  border-middle-sect padd-topbot-144  container_wrap fullsize' style=' '  ><div class='container' ><div class='template-page content  av-content-full alpha units'><div class='post-entry post-entry-type-page post-entry-34575'><div class='entry-content-wrapper clearfix'>\n<div class=\"flex_column av_one_half  flex_column_div av-zero-column-padding first  avia-builder-el-19  el_before_av_one_half  avia-builder-el-first  \" style='border-radius:0px; '><p><div  style='padding-bottom:10px; ' class='av-special-heading av-special-heading-h4  blockquote modern-quote modern-centered  avia-builder-el-20  el_before_av_textblock  avia-builder-el-first  h4-section-title '><h4 class='av-special-heading-tag '  itemprop=\"headline\"  >Ekibimize kat\u0131l\u0131n<\/h4><div class='special-heading-border'><div class='special-heading-inner-border' ><\/div><\/div><\/div><br \/>\n<section class=\"av_textblock_section \"  itemscope=\"itemscope\" itemtype=\"https:\/\/schema.org\/CreativeWork\" ><div class='avia_textblock ecabs-p '   itemprop=\"text\" ><p style=\"text-align: center;\">Vizyonumuz ve kazanan bir ekibin par\u00e7as\u0131 olmak sizi heyecanland\u0131rd\u0131ysa fazla uza\u011fa gitmeyin.<\/p>\n<\/div><\/section><br \/>\n<div  class='avia-button-wrap avia-button-center  avia-builder-el-22  el_after_av_textblock  avia-builder-el-last  ecabs-btn ecabs-btn-200 btn-blue-outline ecabs-btn-centered' ><a href='https:\/\/ecabs.com.mt\/tr\/careers\/'  class='avia-button  avia-color-theme-color   avia-icon_select-no avia-size-small avia-position-center '   ><span class='avia_iconbox_title' >A\u00e7\u0131k pozisyonlar\u0131 aray\u0131n<\/span><\/a><\/div><\/p><\/div><div class=\"flex_column av_one_half  flex_column_div av-zero-column-padding   avia-builder-el-23  el_after_av_one_half  avia-builder-el-last  franchise-col \" style='border-radius:0px; '><p><div  style='padding-bottom:10px; ' class='av-special-heading av-special-heading-h4  blockquote modern-quote modern-centered  avia-builder-el-24  el_before_av_textblock  avia-builder-el-first  h4-section-title '><h4 class='av-special-heading-tag '  itemprop=\"headline\"  >Franchise<\/h4><div class='special-heading-border'><div class='special-heading-inner-border' ><\/div><\/div><\/div><br \/>\n<section class=\"av_textblock_section \"  itemscope=\"itemscope\" itemtype=\"https:\/\/schema.org\/CreativeWork\" ><div class='avia_textblock ecabs-p '   itemprop=\"text\" ><p style=\"text-align: center;\">Franchising f\u0131rsatlar\u0131yla markam\u0131z\u0131n Avrupa\u2019daki varl\u0131\u011f\u0131n\u0131 geni\u015fletmek istiyoruz.<\/p>\n<\/div><\/section><br \/>\n<div  class='avia-button-wrap avia-button-center  avia-builder-el-26  el_after_av_textblock  avia-builder-el-last  ecabs-btn ecabs-btn-200 btn-blue-outline ecabs-btn-centered' ><a href='https:\/\/ecabs.com.mt\/tr\/franchise\/'  class='avia-button  avia-color-theme-color   avia-icon_select-no avia-size-small avia-position-center '   ><span class='avia_iconbox_title' >Daha fazla bilgi<\/span><\/a><\/div><\/p><\/div>\n","protected":false},"excerpt":{"rendered":"","protected":false},"author":2,"featured_media":0,"parent":0,"menu_order":0,"comment_status":"closed","ping_status":"closed","template":"","meta":{"inline_featured_image":false,"footnotes":""},"class_list":["post-34575","page","type-page","status-publish","hentry"],"yoast_head":"<!-- This site is optimized with the Yoast SEO Premium plugin v24.2 (Yoast SEO v24.2) - https:\/\/yoast.com\/wordpress\/plugins\/seo\/ -->\n<title>\u015eirket - eCabs App | Book a ride in minutes | eCabs Malta<\/title>\n<meta name=\"description\" content=\"eCabs is a company made up of like-minded humans with common values and a strong shared vision working to create data-driven technology.\" \/>\n<meta name=\"robots\" content=\"index, follow, max-snippet:-1, max-image-preview:large, max-video-preview:-1\" \/>\n<link rel=\"canonical\" href=\"https:\/\/ecabs.com.mt\/tr\/ecabs-company\/\" \/>\n<meta property=\"og:locale\" content=\"tr_TR\" \/>\n<meta property=\"og:type\" content=\"article\" \/>\n<meta property=\"og:title\" content=\"\u015eirket\" \/>\n<meta property=\"og:description\" content=\"eCabs is a company made up of like-minded humans with common values and a strong shared vision working to create data-driven technology.\" \/>\n<meta property=\"og:url\" content=\"https:\/\/ecabs.com.mt\/tr\/ecabs-company\/\" \/>\n<meta property=\"og:site_name\" content=\"eCabs App | Book a ride in minutes | eCabs Malta\" \/>\n<meta property=\"article:publisher\" content=\"https:\/\/www.facebook.com\/eCabsMalta\" \/>\n<meta property=\"article:modified_time\" content=\"2024-02-07T10:24:45+00:00\" \/>\n<meta property=\"og:image\" content=\"https:\/\/ecabs.com.mt\/wp-content\/uploads\/2025\/10\/eacbs-preview2.jpg\" \/>\n\t<meta property=\"og:image:width\" content=\"1200\" \/>\n\t<meta property=\"og:image:height\" content=\"630\" \/>\n\t<meta property=\"og:image:type\" content=\"image\/jpeg\" \/>\n<meta name=\"twitter:card\" content=\"summary_large_image\" \/>\n<meta name=\"twitter:label1\" content=\"Tahmini okuma s\u00fcresi\" \/>\n\t<meta name=\"twitter:data1\" content=\"7 dakika\" \/>\n<script type=\"application\/ld+json\" class=\"yoast-schema-graph\">{\"@context\":\"https:\/\/schema.org\",\"@graph\":[{\"@type\":\"WebPage\",\"@id\":\"https:\/\/ecabs.com.mt\/tr\/ecabs-company\/\",\"url\":\"https:\/\/ecabs.com.mt\/tr\/ecabs-company\/\",\"name\":\"\u015eirket - eCabs App | Book a ride in minutes | eCabs Malta\",\"isPartOf\":{\"@id\":\"https:\/\/ecabs.com.mt\/#website\"},\"datePublished\":\"2021-11-25T12:37:54+00:00\",\"dateModified\":\"2024-02-07T10:24:45+00:00\",\"description\":\"eCabs is a company made up of like-minded humans with common values and a strong shared vision working to create data-driven technology.\",\"breadcrumb\":{\"@id\":\"https:\/\/ecabs.com.mt\/tr\/ecabs-company\/#breadcrumb\"},\"inLanguage\":\"tr\",\"potentialAction\":[{\"@type\":\"ReadAction\",\"target\":[\"https:\/\/ecabs.com.mt\/tr\/ecabs-company\/\"]}]},{\"@type\":\"BreadcrumbList\",\"@id\":\"https:\/\/ecabs.com.mt\/tr\/ecabs-company\/#breadcrumb\",\"itemListElement\":[{\"@type\":\"ListItem\",\"position\":1,\"name\":\"Home\",\"item\":\"https:\/\/ecabs.com.mt\/tr\/home\/\"},{\"@type\":\"ListItem\",\"position\":2,\"name\":\"\u015eirket\"}]},{\"@type\":\"WebSite\",\"@id\":\"https:\/\/ecabs.com.mt\/#website\",\"url\":\"https:\/\/ecabs.com.mt\/\",\"name\":\"eCabs App | Book a ride in minutes | eCabs Malta\",\"description\":\"eCabs is Malta\u2019s leading cab company with a large fleet of taxis taking bookings 24\/7 through App, Web or by calling on 21383838\",\"potentialAction\":[{\"@type\":\"SearchAction\",\"target\":{\"@type\":\"EntryPoint\",\"urlTemplate\":\"https:\/\/ecabs.com.mt\/?s={search_term_string}\"},\"query-input\":{\"@type\":\"PropertyValueSpecification\",\"valueRequired\":true,\"valueName\":\"search_term_string\"}}],\"inLanguage\":\"tr\"}]}<\/script>\n<!-- \/ Yoast SEO Premium plugin. -->","yoast_head_json":{"title":"\u015eirket - eCabs App | Book a ride in minutes | eCabs Malta","description":"eCabs is a company made up of like-minded humans with common values and a strong shared vision working to create data-driven technology.","robots":{"index":"index","follow":"follow","max-snippet":"max-snippet:-1","max-image-preview":"max-image-preview:large","max-video-preview":"max-video-preview:-1"},"canonical":"https:\/\/ecabs.com.mt\/tr\/ecabs-company\/","og_locale":"tr_TR","og_type":"article","og_title":"\u015eirket","og_description":"eCabs is a company made up of like-minded humans with common values and a strong shared vision working to create data-driven technology.","og_url":"https:\/\/ecabs.com.mt\/tr\/ecabs-company\/","og_site_name":"eCabs App | Book a ride in minutes | eCabs Malta","article_publisher":"https:\/\/www.facebook.com\/eCabsMalta","article_modified_time":"2024-02-07T10:24:45+00:00","og_image":[{"width":1200,"height":630,"url":"https:\/\/ecabs.com.mt\/wp-content\/uploads\/2025\/10\/eacbs-preview2.jpg","type":"image\/jpeg"}],"twitter_card":"summary_large_image","twitter_misc":{"Tahmini okuma s\u00fcresi":"7 dakika"},"schema":{"@context":"https:\/\/schema.org","@graph":[{"@type":"WebPage","@id":"https:\/\/ecabs.com.mt\/tr\/ecabs-company\/","url":"https:\/\/ecabs.com.mt\/tr\/ecabs-company\/","name":"\u015eirket - eCabs App | Book a ride in minutes | eCabs Malta","isPartOf":{"@id":"https:\/\/ecabs.com.mt\/#website"},"datePublished":"2021-11-25T12:37:54+00:00","dateModified":"2024-02-07T10:24:45+00:00","description":"eCabs is a company made up of like-minded humans with common values and a strong shared vision working to create data-driven technology.","breadcrumb":{"@id":"https:\/\/ecabs.com.mt\/tr\/ecabs-company\/#breadcrumb"},"inLanguage":"tr","potentialAction":[{"@type":"ReadAction","target":["https:\/\/ecabs.com.mt\/tr\/ecabs-company\/"]}]},{"@type":"BreadcrumbList","@id":"https:\/\/ecabs.com.mt\/tr\/ecabs-company\/#breadcrumb","itemListElement":[{"@type":"ListItem","position":1,"name":"Home","item":"https:\/\/ecabs.com.mt\/tr\/home\/"},{"@type":"ListItem","position":2,"name":"\u015eirket"}]},{"@type":"WebSite","@id":"https:\/\/ecabs.com.mt\/#website","url":"https:\/\/ecabs.com.mt\/","name":"eCabs App | Book a ride in minutes | eCabs Malta","description":"eCabs is Malta\u2019s leading cab company with a large fleet of taxis taking bookings 24\/7 through App, Web or by calling on 21383838","potentialAction":[{"@type":"SearchAction","target":{"@type":"EntryPoint","urlTemplate":"https:\/\/ecabs.com.mt\/?s={search_term_string}"},"query-input":{"@type":"PropertyValueSpecification","valueRequired":true,"valueName":"search_term_string"}}],"inLanguage":"tr"}]}},"_links":{"self":[{"href":"https:\/\/ecabs.com.mt\/tr\/wp-json\/wp\/v2\/pages\/34575","targetHints":{"allow":["GET"]}}],"collection":[{"href":"https:\/\/ecabs.com.mt\/tr\/wp-json\/wp\/v2\/pages"}],"about":[{"href":"https:\/\/ecabs.com.mt\/tr\/wp-json\/wp\/v2\/types\/page"}],"author":[{"embeddable":true,"href":"https:\/\/ecabs.com.mt\/tr\/wp-json\/wp\/v2\/users\/2"}],"replies":[{"embeddable":true,"href":"https:\/\/ecabs.com.mt\/tr\/wp-json\/wp\/v2\/comments?post=34575"}],"version-history":[{"count":5,"href":"https:\/\/ecabs.com.mt\/tr\/wp-json\/wp\/v2\/pages\/34575\/revisions"}],"predecessor-version":[{"id":35939,"href":"https:\/\/ecabs.com.mt\/tr\/wp-json\/wp\/v2\/pages\/34575\/revisions\/35939"}],"wp:attachment":[{"href":"https:\/\/ecabs.com.mt\/tr\/wp-json\/wp\/v2\/media?parent=34575"}],"curies":[{"name":"wp","href":"https:\/\/api.w.org\/{rel}","templated":true}]}}