{"id":34565,"date":"2020-04-10T17:41:48","date_gmt":"2020-04-10T15:41:48","guid":{"rendered":"https:\/\/www.ecabs.com.mt\/home\/"},"modified":"2024-02-06T15:17:24","modified_gmt":"2024-02-06T14:17:24","slug":"home","status":"publish","type":"page","link":"https:\/\/ecabs.com.mt\/tr\/","title":{"rendered":"Ana Sayfa"},"content":{"rendered":"<div id='av_section_1'  class='avia-section main_color avia-section-default avia-no-border-styling  avia-full-stretch av-section-color-overlay-active avia-bg-style-scroll  avia-builder-el-0  el_before_av_section  avia-builder-el-first  home_header_cont_new  av-minimum-height av-minimum-height-custom  container_wrap fullsize' style='background-repeat: no-repeat; background-image: url(https:\/\/ecabs.com.mt\/wp-content\/uploads\/2023\/12\/woman-traveling-with-her-car-2.jpeg);background-attachment: scroll; background-position: center center;  '  data-section-bg-repeat='stretch'><div class='av-section-color-overlay-wrap'><div class='av-section-color-overlay' style='opacity: 0.5; '><\/div><div class='container' style='height:830px'><main  role=\"main\" itemprop=\"mainContentOfPage\"  class='template-page content  av-content-full alpha units'><div class='post-entry post-entry-type-page post-entry-34565'><div class='entry-content-wrapper clearfix'>\n<div class=\"flex_column av_one_half  av-break-at-tablet flex_column_div av-zero-column-padding first  avia-builder-el-1  el_before_av_one_half  avia-builder-el-first  no-marg-mob-col \" style='border-radius:0px; '><p><div  style='padding-bottom:10px; ' class='av-special-heading av-special-heading-h1  blockquote modern-quote  avia-builder-el-2  el_before_av_textblock  avia-builder-el-first  h1-section-title ride-title-white home-h1-title tab-home-new-left-aligned mob-home-new-left-aligned '><h1 class='av-special-heading-tag '  itemprop=\"headline\"  >H\u0131zl\u0131, g\u00fcvenli ve uygun fiyatl\u0131 yolculuklar<\/h1><div class='special-heading-border'><div class='special-heading-inner-border' ><\/div><\/div><\/div><br \/>\n<section class=\"av_textblock_section \"  itemscope=\"itemscope\" itemtype=\"https:\/\/schema.org\/CreativeWork\" ><div class='avia_textblock ride-font-18 p-font-24-white marg-p-top-16 marg-p-bot-68 '   itemprop=\"text\" ><p style=\"text-align: left;\">Ustal\u0131kla geli\u015ftirilmi\u015f, h\u0131zl\u0131, verimli ve ger\u00e7ekten kullan\u0131m\u0131 kolay.<br \/>\n\u0130htiyac\u0131n\u0131z olan taksi uygulamas\u0131, tam ihtiya\u00e7 duydu\u011funuz yerde.<\/p>\n<\/div><\/section><br \/>\n<div  class='avia-buttonrow-wrap avia-buttonrow-left   avia-builder-el-4  el_after_av_textblock  el_before_av_codeblock  ecabs-btn ecabs-btn-180 btn-black-outline ecabs-btn-row ecabs-btn-row-white ecabs-os-btns'>\n<a href='https:\/\/apps.apple.com\/mt\/app\/ecabs-malta\/id777550235#?platform=iphone' class='avia-button  avia-color-theme-color  avia-icon_select-no avia-size-small ' target=\"_blank\" rel=\"noopener noreferrer\" style='margin-bottom:5px; margin-right:5px; '><span class='avia_iconbox_title' ><i class=\"apple-logo\"><\/i><\/span><\/a>\n<a href='https:\/\/play.google.com\/store\/apps\/details?id=com.ecabsmobileapplication&amp;hl=en' class='avia-button  avia-color-theme-color  avia-icon_select-no avia-size-small ' target=\"_blank\" rel=\"noopener noreferrer\" style='margin-bottom:5px; margin-right:5px; '><span class='avia_iconbox_title' ><i class=\"google-play-logo\"><\/i><\/span><\/a>\n<\/div><br \/>\n<\/p><\/div><div class=\"flex_column av_one_half  av-break-at-tablet flex_column_div av-zero-column-padding   avia-builder-el-6  el_after_av_one_half  avia-builder-el-last  \" style='border-radius:0px; '><\/div>\n\n<\/div><\/div><\/main><!-- close content main element --><\/div><\/div><\/div><div id='av_section_2'  class='avia-section main_color avia-section-default avia-no-border-styling  avia-bg-style-scroll  avia-builder-el-7  el_after_av_section  el_before_av_section  padd-bot-100 padd-top-110 mob-padd-topbot-45  container_wrap fullsize' style=' '  ><div class='container' ><div class='template-page content  av-content-full alpha units'><div class='post-entry post-entry-type-page post-entry-34565'><div class='entry-content-wrapper clearfix'>\n<div class='flex_column_table av-equal-height-column-flextable -flextable' ><div class=\"flex_column av_one_full  flex_column_table_cell av-equal-height-column av-align-middle av-zero-column-padding first  avia-builder-el-8  avia-builder-el-no-sibling  no-marg-mob-col \" style='border-radius:0px; '><p><div  style='padding-bottom:10px; ' class='av-special-heading av-special-heading-h2  blockquote modern-quote modern-centered  avia-builder-el-9  el_before_av_textblock  avia-builder-el-first  h2-section-title span-color home-subtitle-16 mob-home-new-left-aligned '><div class ='av-subheading av-subheading_above  ' style='font-size:15px;'><p>TAKS\u0130 YAZILIMI<\/p>\n<\/div><h2 class='av-special-heading-tag '  itemprop=\"headline\"  >Kendi taksi markan\u0131z\u0131 istedi\u011finiz pazarda sunun<\/h2><div class='special-heading-border'><div class='special-heading-inner-border' ><\/div><\/div><\/div><br \/>\n<section class=\"av_textblock_section \"  itemscope=\"itemscope\" itemtype=\"https:\/\/schema.org\/CreativeWork\" ><div class='avia_textblock p-tag-alt-color ride-font-20 ride-font-24 marg-bot-34 mob-home-new-left-aligned mob-marg-top-24 '   itemprop=\"text\" ><p style=\"text-align: center;\">\u00d6l\u00e7eklenebilir, beyaz etiketli platformumuz, taksi<br \/>\ni\u015fletme alan\u0131nda 14 y\u0131ll\u0131k derin bilgi birikimimizden yararlan\u0131larak olu\u015fturuldu.<br \/>\nEn \u00fcst d\u00fczeyde rekabet edin ve \u00e7oklu gelir ak\u0131\u015flar\u0131yla k\u00e2r\u0131n\u0131z\u0131 ve kazanc\u0131n\u0131z\u0131 en \u00fcst seviyeye \u00e7\u0131kar\u0131n.<\/p>\n<\/div><\/section><br \/>\n<div  class='avia-image-container  av-styling-    avia-builder-el-11  el_after_av_textblock  el_before_av_button  avia-align-center '  itemprop=\"image\" itemscope=\"itemscope\" itemtype=\"https:\/\/schema.org\/ImageObject\"  ><div class='avia-image-container-inner'><div class='avia-image-overlay-wrap'><img decoding=\"async\" class='wp-image-34845 avia-img-lazy-loading-not-34845 avia_image' src=\"https:\/\/ecabs.com.mt\/wp-content\/uploads\/2023\/12\/Group-174.webp\" alt='eCabs Home page' title='eCabs Home page' height=\"1497\" width=\"2450\"  itemprop=\"thumbnailUrl\" srcset=\"https:\/\/ecabs.com.mt\/wp-content\/uploads\/2023\/12\/Group-174.webp 2450w, https:\/\/ecabs.com.mt\/wp-content\/uploads\/2023\/12\/Group-174-300x183.webp 300w, https:\/\/ecabs.com.mt\/wp-content\/uploads\/2023\/12\/Group-174-1030x629.webp 1030w, https:\/\/ecabs.com.mt\/wp-content\/uploads\/2023\/12\/Group-174-768x469.webp 768w, https:\/\/ecabs.com.mt\/wp-content\/uploads\/2023\/12\/Group-174-1536x939.webp 1536w, https:\/\/ecabs.com.mt\/wp-content\/uploads\/2023\/12\/Group-174-2048x1251.webp 2048w, https:\/\/ecabs.com.mt\/wp-content\/uploads\/2023\/12\/Group-174-1500x917.webp 1500w, https:\/\/ecabs.com.mt\/wp-content\/uploads\/2023\/12\/Group-174-705x431.webp 705w\" sizes=\"(max-width: 2450px) 100vw, 2450px\" \/><\/div><\/div><\/div><br \/>\n<div  class='avia-button-wrap avia-button-center  avia-builder-el-12  el_after_av_image  avia-builder-el-last  ecabs-btn ecabs-btn-200 btn-blue-outline home-center-btn mob-full-width-btn new_btn_hover' ><a href='https:\/\/ecabs.com.mt\/tr\/ride-hailing-software\/'  class='avia-button  avia-color-theme-color   avia-icon_select-no avia-size-small avia-position-center '   ><span class='avia_iconbox_title' >Devam\u0131n\u0131 okuyun<\/span><\/a><\/div><\/p><\/div><\/div><!--close column table wrapper. Autoclose: 1 -->\n\n<\/div><\/div><\/div><!-- close content main div --><\/div><\/div><div id='av_section_3'  class='avia-section main_color avia-section-default avia-no-border-styling  av-section-color-overlay-active avia-bg-style-scroll  avia-builder-el-13  el_after_av_section  el_before_av_section  blue-color-section padd-topbot-64 ride-power-cards ride-power-cards-white-bg mob-padd-topbot-45  container_wrap fullsize' style=' '  ><div class='av-section-color-overlay-wrap'><div class='av-section-color-overlay' style='opacity: 1; '><\/div><div class='container' ><div class='template-page content  av-content-full alpha units'><div class='post-entry post-entry-type-page post-entry-34565'><div class='entry-content-wrapper clearfix'>\n<div class='flex_column_table av-equal-height-column-flextable av-break-at-tablet-flextable' ><div class=\"flex_column av_one_half  av-break-at-tablet flex_column_table_cell av-equal-height-column av-align-middle av-zero-column-padding first  avia-builder-el-14  el_before_av_one_half  avia-builder-el-first  \" style='border-radius:0px; '><p><div  style='padding-bottom:10px; ' class='av-special-heading av-special-heading-h2  blockquote modern-quote  avia-builder-el-15  el_before_av_textblock  avia-builder-el-first  h2-section-title home-subtitle-16 ride-title-white marg-bot-subtitle-16 tab-home-new-left-aligned mob-home-new-left-aligned ecabs_subtitle_nocase '><div class ='av-subheading av-subheading_above  ' style='font-size:15px;'><p>eCabs BUSINESS<\/p>\n<\/div><h2 class='av-special-heading-tag '  itemprop=\"headline\"  >Kurumsal hesab\u0131n\u0131z\u0131 kolayl\u0131kla y\u00f6netin<\/h2><div class='special-heading-border'><div class='special-heading-inner-border' ><\/div><\/div><\/div><br \/>\n<section class=\"av_textblock_section \"  itemscope=\"itemscope\" itemtype=\"https:\/\/schema.org\/CreativeWork\" ><div class='avia_textblock ride-font-16 ride-font-24 ride-sub-title-marg p-font-24-white marg-p-top-16 marg-p-bot-36 mob-marg-top-24 mob-marg-bot-10 '   itemprop=\"text\" ><p>Ekip \u00fcyelerinize i\u015f ama\u00e7l\u0131 yolculuklar\u0131 i\u00e7in uygulama arac\u0131l\u0131\u011f\u0131yla kolayl\u0131kla rezervasyon yapma olana\u011f\u0131 tan\u0131y\u0131n ve benzersiz 7\/24 kurumsal m\u00fc\u015fteri destek hizmetimizden yararlan\u0131n.<\/p>\n<\/div><\/section><br \/>\n<div  class='avia-button-wrap avia-button-left  avia-builder-el-17  el_after_av_textblock  avia-builder-el-last  ecabs-btn ecabs-btn-200 btn-blue-outline btn-blue-fill mob-full-width-btn hide-mob-btn' ><a href='https:\/\/ecabs.com.mt\/tr\/ecabsbusiness\/'  class='avia-button  avia-color-theme-color   avia-icon_select-no avia-size-small avia-position-left '   ><span class='avia_iconbox_title' >Devam\u0131n\u0131 okuyun<\/span><\/a><\/div><\/p><\/div><div class='av-flex-placeholder'><\/div><div class=\"flex_column av_one_half  av-break-at-tablet flex_column_table_cell av-equal-height-column av-align-middle av-zero-column-padding   avia-builder-el-18  el_after_av_one_half  avia-builder-el-last  no-marg-mob-col \" style='border-radius:0px; '><p><div  class='avia-image-container  av-styling-    avia-builder-el-19  el_before_av_button  avia-builder-el-first  border-top-radius-left-img home-new-img-cont avia-align-center '  itemprop=\"image\" itemscope=\"itemscope\" itemtype=\"https:\/\/schema.org\/ImageObject\"  ><div class='avia-image-container-inner'><div class='avia-image-overlay-wrap'><img decoding=\"async\" class='wp-image-0 avia-img-lazy-loading-not-0 avia_image' src=\"https:\/\/ecabs.com.mt\/wp-content\/uploads\/2023\/05\/smiling-couple-walking-using-smartphones.jpg\" alt='' title=''   itemprop=\"thumbnailUrl\"  \/><\/div><\/div><\/div><br \/>\n<div  class='avia-button-wrap avia-button-left  avia-builder-el-20  el_after_av_image  avia-builder-el-last  ecabs-btn ecabs-btn-200 btn-blue-outline btn-blue-fill mob-full-width-btn show-mob-btn mob-marg-top-24-btn' ><a href='https:\/\/ecabs.com.mt\/tr\/ecabsbusiness\/'  class='avia-button  avia-color-theme-color   avia-icon_select-no avia-size-small avia-position-left '   ><span class='avia_iconbox_title' >Devam\u0131n\u0131 okuyun<\/span><\/a><\/div><\/p><\/div><\/div><!--close column table wrapper. Autoclose: 1 -->\n\n<\/div><\/div><\/div><!-- close content main div --><\/div><\/div><\/div><div id='av_section_4'  class='avia-section main_color avia-section-default avia-no-border-styling  avia-bg-style-scroll  avia-builder-el-21  el_after_av_section  avia-builder-el-last  padd-bot-100 padd-top-100 ecabs-eng-section mob-padd-topbot-45  container_wrap fullsize' style=' '  ><div class='container' ><div class='template-page content  av-content-full alpha units'><div class='post-entry post-entry-type-page post-entry-34565'><div class='entry-content-wrapper clearfix'>\n<div class=\"flex_column av_one_full  flex_column_div av-zero-column-padding first  avia-builder-el-22  el_before_av_one_half  avia-builder-el-first  no-marg-mob-col \" style='border-radius:0px; '><div  style='padding-bottom:10px; ' class='av-special-heading av-special-heading-h2  blockquote modern-quote modern-centered  avia-builder-el-23  avia-builder-el-no-sibling  h2-section-title span-color mob-home-new-left-aligned '><h2 class='av-special-heading-tag '  itemprop=\"headline\"  >eCabs M\u00fchendislik<\/h2><div class='special-heading-border'><div class='special-heading-inner-border' ><\/div><\/div><\/div><\/div><div class='flex_column_table av-equal-height-column-flextable av-break-at-tablet-flextable' ><div class=\"flex_column av_one_half  av-break-at-tablet flex_column_table_cell av-equal-height-column av-align-middle av-zero-column-padding first  avia-builder-el-24  el_after_av_one_full  el_before_av_one_half  no-marg-mob-col column-top-margin\" style='border-radius:0px; '><p><div  class='avia-image-container  av-styling-    avia-builder-el-25  el_before_av_button  avia-builder-el-first  border-top-radius-left-img home-new-img-cont home-new-img-height-498 avia-align-center '  itemprop=\"image\" itemscope=\"itemscope\" itemtype=\"https:\/\/schema.org\/ImageObject\"  ><div class='avia-image-container-inner'><div class='avia-image-overlay-wrap'><img decoding=\"async\" class='wp-image-0 avia-img-lazy-loading-not-0 avia_image' src=\"https:\/\/ecabs.com.mt\/wp-content\/uploads\/2022\/06\/eCabs_Cuorium-Technoligies_2.png\" alt='' title=''   itemprop=\"thumbnailUrl\"  \/><\/div><\/div><\/div><br \/>\n<div  class='avia-button-wrap avia-button-left  avia-builder-el-26  el_after_av_image  avia-builder-el-last  learn-more-btn-cont show-mob-btn' ><a href='https:\/\/ecabs.com.mt\/tech\/'  class='avia-button  avia-color-theme-color   avia-icon_select-no avia-size-small avia-position-left '   ><span class='avia_iconbox_title' >Learn More <i class=\"learn-more-btn\"><\/i><\/span><\/a><\/div><\/p><\/div><div class='av-flex-placeholder'><\/div><div class=\"flex_column av_one_half  av-break-at-tablet flex_column_table_cell av-equal-height-column av-align-middle av-zero-column-padding   avia-builder-el-27  el_after_av_one_half  avia-builder-el-last  column-top-margin\" style='border-radius:0px; '><section class=\"av_textblock_section \"  itemscope=\"itemscope\" itemtype=\"https:\/\/schema.org\/CreativeWork\" ><div class='avia_textblock p-tag-alt-color ride-font-20 ride-font-24 marg-bot-17 marg-left-p-110 marg-p-top-0 '   itemprop=\"text\" ><p style=\"text-align: left;\">eCabs, \u00e7ok k\u00fclt\u00fcrl\u00fc ve \u00e7ok uluslu teknoloji uzmanlar\u0131ndan olu\u015fan bir ekibe sahip olan bir teknoloji \u015firketi ve mobilite \u00fcr\u00fcn\u00fcd\u00fcr. D\u00fcnyan\u0131n en yo\u011fun kara yolu a\u011flar\u0131ndan birinde 14 y\u0131l\u0131 a\u015fk\u0131n ara\u00e7 \u00e7a\u011f\u0131rma deneyiminden yararlanan sezgisel bir mobilite platformu olu\u015fturmak i\u00e7in sonsuz bir aray\u0131\u015f i\u00e7indeyiz.<\/p>\n<p style=\"text-align: left;\">eCabs\u2019in sekt\u00f6r lideri ara\u00e7 \u00e7a\u011f\u0131rma teknolojisine g\u00fc\u00e7 katan insanlar ve teknolojiyle tan\u0131\u015f\u0131n.<\/p>\n<\/div><\/section><br \/>\n<div  class='avia-button-wrap avia-button-left  avia-builder-el-29  el_after_av_textblock  avia-builder-el-last  learn-more-btn-cont hide-mob-btn' ><a href='https:\/\/ecabs.com.mt\/tr\/tech\/'  class='avia-button  avia-color-theme-color   avia-icon_select-no avia-size-small avia-position-left '   ><span class='avia_iconbox_title' >Daha Fazla Bilgi Edinin <i class=\"learn-more-btn\"><\/i><\/span><\/a><\/div><\/p><\/div><\/div><!--close column table wrapper. Autoclose: 1 -->\n","protected":false},"excerpt":{"rendered":"","protected":false},"author":1,"featured_media":0,"parent":0,"menu_order":0,"comment_status":"closed","ping_status":"closed","template":"","meta":{"inline_featured_image":false,"footnotes":""},"class_list":["post-34565","page","type-page","status-publish","hentry"],"yoast_head":"<!-- This site is optimized with the Yoast SEO Premium plugin v24.2 (Yoast SEO v24.2) - https:\/\/yoast.com\/wordpress\/plugins\/seo\/ -->\n<title>eCabs Home | Book a ride in minutes | eCabs Malta<\/title>\n<meta name=\"description\" content=\"Fast, efficient and the best prices. eCabs Malta is the ride hailing service you need, right where you need it. Download the eCabs App today.\" \/>\n<meta name=\"robots\" content=\"index, follow, max-snippet:-1, max-image-preview:large, max-video-preview:-1\" \/>\n<link rel=\"canonical\" href=\"https:\/\/ecabs.com.mt\/tr\/home\/\" \/>\n<meta property=\"og:locale\" content=\"tr_TR\" \/>\n<meta property=\"og:type\" content=\"article\" \/>\n<meta property=\"og:title\" content=\"Ana Sayfa\" \/>\n<meta property=\"og:description\" content=\"Fast, efficient and the best prices. eCabs Malta is the ride hailing service you need, right where you need it. Download the eCabs App today.\" \/>\n<meta property=\"og:url\" content=\"https:\/\/ecabs.com.mt\/tr\/home\/\" \/>\n<meta property=\"og:site_name\" content=\"eCabs App | Book a ride in minutes | eCabs Malta\" \/>\n<meta property=\"article:publisher\" content=\"https:\/\/www.facebook.com\/eCabsMalta\" \/>\n<meta property=\"article:modified_time\" content=\"2024-02-06T14:17:24+00:00\" \/>\n<meta property=\"og:image\" content=\"https:\/\/ecabs.com.mt\/wp-content\/uploads\/2025\/10\/eacbs-preview2.jpg\" \/>\n\t<meta property=\"og:image:width\" content=\"1200\" \/>\n\t<meta property=\"og:image:height\" content=\"630\" \/>\n\t<meta property=\"og:image:type\" content=\"image\/jpeg\" \/>\n<meta name=\"twitter:card\" content=\"summary_large_image\" \/>\n<meta name=\"twitter:label1\" content=\"Tahmini okuma s\u00fcresi\" \/>\n\t<meta name=\"twitter:data1\" content=\"6 dakika\" \/>\n<script type=\"application\/ld+json\" class=\"yoast-schema-graph\">{\"@context\":\"https:\/\/schema.org\",\"@graph\":[{\"@type\":\"WebPage\",\"@id\":\"https:\/\/ecabs.com.mt\/tr\/home\/\",\"url\":\"https:\/\/ecabs.com.mt\/tr\/home\/\",\"name\":\"eCabs Home | Book a ride in minutes | eCabs Malta\",\"isPartOf\":{\"@id\":\"https:\/\/ecabs.com.mt\/#website\"},\"datePublished\":\"2020-04-10T15:41:48+00:00\",\"dateModified\":\"2024-02-06T14:17:24+00:00\",\"description\":\"Fast, efficient and the best prices. eCabs Malta is the ride hailing service you need, right where you need it. Download the eCabs App today.\",\"breadcrumb\":{\"@id\":\"https:\/\/ecabs.com.mt\/tr\/home\/#breadcrumb\"},\"inLanguage\":\"tr\",\"potentialAction\":[{\"@type\":\"ReadAction\",\"target\":[\"https:\/\/ecabs.com.mt\/tr\/home\/\"]}]},{\"@type\":\"BreadcrumbList\",\"@id\":\"https:\/\/ecabs.com.mt\/tr\/home\/#breadcrumb\",\"itemListElement\":[{\"@type\":\"ListItem\",\"position\":1,\"name\":\"Home\",\"item\":\"https:\/\/ecabs.com.mt\/tr\/home\/\"},{\"@type\":\"ListItem\",\"position\":2,\"name\":\"Ana Sayfa\"}]},{\"@type\":\"WebSite\",\"@id\":\"https:\/\/ecabs.com.mt\/#website\",\"url\":\"https:\/\/ecabs.com.mt\/\",\"name\":\"eCabs App | Book a ride in minutes | eCabs Malta\",\"description\":\"eCabs is Malta\u2019s leading cab company with a large fleet of taxis taking bookings 24\/7 through App, Web or by calling on 21383838\",\"potentialAction\":[{\"@type\":\"SearchAction\",\"target\":{\"@type\":\"EntryPoint\",\"urlTemplate\":\"https:\/\/ecabs.com.mt\/?s={search_term_string}\"},\"query-input\":{\"@type\":\"PropertyValueSpecification\",\"valueRequired\":true,\"valueName\":\"search_term_string\"}}],\"inLanguage\":\"tr\"}]}<\/script>\n<!-- \/ Yoast SEO Premium plugin. -->","yoast_head_json":{"title":"eCabs Home | Book a ride in minutes | eCabs Malta","description":"Fast, efficient and the best prices. eCabs Malta is the ride hailing service you need, right where you need it. Download the eCabs App today.","robots":{"index":"index","follow":"follow","max-snippet":"max-snippet:-1","max-image-preview":"max-image-preview:large","max-video-preview":"max-video-preview:-1"},"canonical":"https:\/\/ecabs.com.mt\/tr\/home\/","og_locale":"tr_TR","og_type":"article","og_title":"Ana Sayfa","og_description":"Fast, efficient and the best prices. eCabs Malta is the ride hailing service you need, right where you need it. Download the eCabs App today.","og_url":"https:\/\/ecabs.com.mt\/tr\/home\/","og_site_name":"eCabs App | Book a ride in minutes | eCabs Malta","article_publisher":"https:\/\/www.facebook.com\/eCabsMalta","article_modified_time":"2024-02-06T14:17:24+00:00","og_image":[{"width":1200,"height":630,"url":"https:\/\/ecabs.com.mt\/wp-content\/uploads\/2025\/10\/eacbs-preview2.jpg","type":"image\/jpeg"}],"twitter_card":"summary_large_image","twitter_misc":{"Tahmini okuma s\u00fcresi":"6 dakika"},"schema":{"@context":"https:\/\/schema.org","@graph":[{"@type":"WebPage","@id":"https:\/\/ecabs.com.mt\/tr\/home\/","url":"https:\/\/ecabs.com.mt\/tr\/home\/","name":"eCabs Home | Book a ride in minutes | eCabs Malta","isPartOf":{"@id":"https:\/\/ecabs.com.mt\/#website"},"datePublished":"2020-04-10T15:41:48+00:00","dateModified":"2024-02-06T14:17:24+00:00","description":"Fast, efficient and the best prices. eCabs Malta is the ride hailing service you need, right where you need it. Download the eCabs App today.","breadcrumb":{"@id":"https:\/\/ecabs.com.mt\/tr\/home\/#breadcrumb"},"inLanguage":"tr","potentialAction":[{"@type":"ReadAction","target":["https:\/\/ecabs.com.mt\/tr\/home\/"]}]},{"@type":"BreadcrumbList","@id":"https:\/\/ecabs.com.mt\/tr\/home\/#breadcrumb","itemListElement":[{"@type":"ListItem","position":1,"name":"Home","item":"https:\/\/ecabs.com.mt\/tr\/home\/"},{"@type":"ListItem","position":2,"name":"Ana Sayfa"}]},{"@type":"WebSite","@id":"https:\/\/ecabs.com.mt\/#website","url":"https:\/\/ecabs.com.mt\/","name":"eCabs App | Book a ride in minutes | eCabs Malta","description":"eCabs is Malta\u2019s leading cab company with a large fleet of taxis taking bookings 24\/7 through App, Web or by calling on 21383838","potentialAction":[{"@type":"SearchAction","target":{"@type":"EntryPoint","urlTemplate":"https:\/\/ecabs.com.mt\/?s={search_term_string}"},"query-input":{"@type":"PropertyValueSpecification","valueRequired":true,"valueName":"search_term_string"}}],"inLanguage":"tr"}]}},"_links":{"self":[{"href":"https:\/\/ecabs.com.mt\/tr\/wp-json\/wp\/v2\/pages\/34565","targetHints":{"allow":["GET"]}}],"collection":[{"href":"https:\/\/ecabs.com.mt\/tr\/wp-json\/wp\/v2\/pages"}],"about":[{"href":"https:\/\/ecabs.com.mt\/tr\/wp-json\/wp\/v2\/types\/page"}],"author":[{"embeddable":true,"href":"https:\/\/ecabs.com.mt\/tr\/wp-json\/wp\/v2\/users\/1"}],"replies":[{"embeddable":true,"href":"https:\/\/ecabs.com.mt\/tr\/wp-json\/wp\/v2\/comments?post=34565"}],"version-history":[{"count":9,"href":"https:\/\/ecabs.com.mt\/tr\/wp-json\/wp\/v2\/pages\/34565\/revisions"}],"predecessor-version":[{"id":35965,"href":"https:\/\/ecabs.com.mt\/tr\/wp-json\/wp\/v2\/pages\/34565\/revisions\/35965"}],"wp:attachment":[{"href":"https:\/\/ecabs.com.mt\/tr\/wp-json\/wp\/v2\/media?parent=34565"}],"curies":[{"name":"wp","href":"https:\/\/api.w.org\/{rel}","templated":true}]}}