{"id":34555,"date":"2021-11-25T10:06:24","date_gmt":"2021-11-25T09:06:24","guid":{"rendered":"https:\/\/www.ecabs.com.mt\/speak-to-us\/"},"modified":"2024-02-06T15:17:21","modified_gmt":"2024-02-06T14:17:21","slug":"speak-to-us","status":"publish","type":"page","link":"https:\/\/ecabs.com.mt\/tr\/speak-to-us\/","title":{"rendered":"Devam\u0131n\u0131 okuyun"},"content":{"rendered":"<div id='av_section_1'  class='avia-section main_color avia-section-default avia-no-border-styling  avia-bg-style-scroll  avia-builder-el-0  el_before_av_section  avia-builder-el-first  txtlft-grid-by-2-sect padd-bot-400 padd-top-86 grid-cols-1fr-588  container_wrap fullsize' style=' '  ><div class='container' ><main  role=\"main\" itemprop=\"mainContentOfPage\"  class='template-page content  av-content-full alpha units'><div class='post-entry post-entry-type-page post-entry-34555'><div class='entry-content-wrapper clearfix'>\n<div class='flex_column_table av-equal-height-column-flextable -flextable' ><div class=\"flex_column av_one_half  flex_column_table_cell av-equal-height-column av-align-middle av-zero-column-padding first  avia-builder-el-1  el_before_av_one_half  avia-builder-el-first  \" style='border-radius:0px; '><p><div  style='padding-bottom:10px; ' class='av-special-heading av-special-heading-h1  blockquote modern-quote  avia-builder-el-2  el_before_av_textblock  avia-builder-el-first  h1-section-title '><h1 class='av-special-heading-tag '  itemprop=\"headline\"  >Sizi dinliyoruz<\/h1><div class='special-heading-border'><div class='special-heading-inner-border' ><\/div><\/div><\/div><br \/>\n<section class=\"av_textblock_section \"  itemscope=\"itemscope\" itemtype=\"https:\/\/schema.org\/CreativeWork\" ><div class='avia_textblock ecabs-p-subtitle '   itemprop=\"text\" ><p>G\u00fcn boyu. Her g\u00fcn.<br \/>\nA\u015fa\u011f\u0131daki form arac\u0131l\u0131\u011f\u0131yla bizimle ileti\u015fime ge\u00e7mekten \u00e7ekinmeyin. Ayr\u0131ca SSS b\u00f6l\u00fcm\u00fcm\u00fczde sorular\u0131n\u0131z\u0131n yan\u0131tlar\u0131n\u0131 daha h\u0131zl\u0131 bir \u015fekilde bulabilirsiniz.<\/p>\n<\/div><\/section><br \/>\n<div  class='avia-button-wrap avia-button-left  avia-builder-el-4  el_after_av_textblock  avia-builder-el-last  ecabs-btn ecabs-btn-176 btn-blue-outline' ><a href='https:\/\/ecabs.zendesk.com\/hc\/en-us' class='avia-button  avia-color-theme-color   avia-icon_select-no avia-size-small avia-position-left ' target=\"_blank\" rel=\"noopener noreferrer\"><span class='avia_iconbox_title' >SSS<\/span><\/a><\/div><\/p><\/div><div class='av-flex-placeholder'><\/div><div class=\"flex_column av_one_half  flex_column_table_cell av-equal-height-column av-align-middle av-zero-column-padding   avia-builder-el-5  el_after_av_one_half  avia-builder-el-last  \" style='border-radius:0px; '><div  class='avia-image-container  av-styling-    avia-builder-el-6  avia-builder-el-no-sibling  img-height-448 avia-align-center '  itemprop=\"image\" itemscope=\"itemscope\" itemtype=\"https:\/\/schema.org\/ImageObject\"  ><div class='avia-image-container-inner'><div class='avia-image-overlay-wrap'><img decoding=\"async\" class='wp-image-0 avia-img-lazy-loading-not-0 avia_image' src=\"https:\/\/ecabs.com.mt\/wp-content\/uploads\/2023\/05\/Contact-Us-page-pic-new.jpg\" alt='' title=''   itemprop=\"thumbnailUrl\"  \/><\/div><\/div><\/div><\/div><\/div><!--close column table wrapper. Autoclose: 1 -->\n\n<\/div><\/div><\/main><!-- close content main element --><\/div><\/div><div id='av_section_2'  class='avia-section main_color avia-section-default avia-no-border-styling  avia-bg-style-scroll  avia-builder-el-7  el_after_av_section  avia-builder-el-last  contact-form-sect  container_wrap fullsize' style='background-color: #f1f6fc;  '  ><div class='container' ><div class='template-page content  av-content-full alpha units'><div class='post-entry post-entry-type-page post-entry-34555'><div class='entry-content-wrapper clearfix'>\n<div class=\"flex_column av_one_half  flex_column_div av-zero-column-padding first  avia-builder-el-8  el_before_av_one_half  avia-builder-el-first  contact-form-col \" style='border-radius:0px; '><p><div  style='padding-bottom:10px; ' class='av-special-heading av-special-heading-h3  blockquote modern-quote  avia-builder-el-9  el_before_av_heading  avia-builder-el-first  h3-subtitle mobile-text-left '><h3 class='av-special-heading-tag '  itemprop=\"headline\"  >B\u0130ZE ULA\u015eIN<\/h3><div class='special-heading-border'><div class='special-heading-inner-border' ><\/div><\/div><\/div><br \/>\n<div  style='padding-bottom:10px; ' class='av-special-heading av-special-heading-h2  blockquote modern-quote  avia-builder-el-10  el_after_av_heading  el_before_av_codeblock  h2-section-title mobile-text-left '><h2 class='av-special-heading-tag '  itemprop=\"headline\"  >Bizimle ileti\u015fime ge\u00e7in<\/h2><div class='special-heading-border'><div class='special-heading-inner-border' ><\/div><\/div><\/div><br \/>\n<\/p><\/div><div class=\"flex_column av_one_half  flex_column_div av-zero-column-padding   avia-builder-el-12  el_after_av_one_half  avia-builder-el-last  \" style='border-radius:0px; '><p><div  style='padding-bottom:10px; ' class='av-special-heading av-special-heading-h3  blockquote modern-quote  avia-builder-el-13  el_before_av_textblock  avia-builder-el-first  h3-subtitle mobile-text-left '><h3 class='av-special-heading-tag '  itemprop=\"headline\"  >ADRES\u0130M\u0130Z<\/h3><div class='special-heading-border'><div class='special-heading-inner-border' ><\/div><\/div><\/div><br \/>\n<section class=\"av_textblock_section \"  itemscope=\"itemscope\" itemtype=\"https:\/\/schema.org\/CreativeWork\" ><div class='avia_textblock ecabs-p mobile-text-left keep-brs '   itemprop=\"text\" ><p><strong>Genel M\u00fcd\u00fcrl\u00fck<br \/>\n<\/strong>Triq Santu Wistin<br \/>\nPaceville, St Julians<br \/>\nSTJ 3180, Malta<br \/>\nAvrupa<\/p>\n<\/div><\/section><br \/>\n<div  style='padding-bottom:10px; ' class='av-special-heading av-special-heading-h3  blockquote modern-quote  avia-builder-el-15  el_after_av_textblock  el_before_av_textblock  h3-subtitle mobile-text-left '><h3 class='av-special-heading-tag '  itemprop=\"headline\"  >\u0130LET\u0130\u015e\u0130M B\u0130LG\u0130LER\u0130M\u0130Z<\/h3><div class='special-heading-border'><div class='special-heading-inner-border' ><\/div><\/div><\/div><br \/>\n<section class=\"av_textblock_section \"  itemscope=\"itemscope\" itemtype=\"https:\/\/schema.org\/CreativeWork\" ><div class='avia_textblock ecabs-p mobile-text-left keep-brs '   itemprop=\"text\" ><p>+356 21 38 38 38<br \/>\n<a href=\"mailto:info@ecabs.com.mt\">info@ecabs.com.mt<\/a><\/p>\n<\/div><\/section><br \/>\n<div  class='avia-button-wrap avia-button-left  avia-builder-el-17  el_after_av_textblock  avia-builder-el-last  ecabs-btn ecabs-btn-176 btn-blue-outline mob-btn-left-align' ><a href='https:\/\/www.google.com\/maps\/place\/\/data=!4m2!3m1!1s0x130e4569029c3f35:0x18bb57dade71ea4e?source=g.page.share' class='avia-button  avia-color-theme-color   avia-icon_select-no avia-size-small avia-position-left ' target=\"_blank\" rel=\"noopener noreferrer\"><span class='avia_iconbox_title' >Bizi haritada bulun<\/span><\/a><\/div><\/p><\/div>\n","protected":false},"excerpt":{"rendered":"","protected":false},"author":2,"featured_media":0,"parent":0,"menu_order":0,"comment_status":"closed","ping_status":"closed","template":"","meta":{"inline_featured_image":false,"footnotes":""},"class_list":["post-34555","page","type-page","status-publish","hentry"],"yoast_head":"<!-- This site is optimized with the Yoast SEO Premium plugin v24.2 (Yoast SEO v24.2) - https:\/\/yoast.com\/wordpress\/plugins\/seo\/ -->\n<title>Devam\u0131n\u0131 okuyun - eCabs App | Book a ride in minutes | eCabs Malta<\/title>\n<meta name=\"description\" content=\"Feel free to contact us at eCabs here. You may also have your questions answered quicker in our FAQ section.\" \/>\n<meta name=\"robots\" content=\"index, follow, max-snippet:-1, max-image-preview:large, max-video-preview:-1\" \/>\n<link rel=\"canonical\" href=\"https:\/\/ecabs.com.mt\/tr\/speak-to-us\/\" \/>\n<meta property=\"og:locale\" content=\"tr_TR\" \/>\n<meta property=\"og:type\" content=\"article\" \/>\n<meta property=\"og:title\" content=\"Devam\u0131n\u0131 okuyun\" \/>\n<meta property=\"og:description\" content=\"Feel free to contact us at eCabs here. You may also have your questions answered quicker in our FAQ section.\" \/>\n<meta property=\"og:url\" content=\"https:\/\/ecabs.com.mt\/tr\/speak-to-us\/\" \/>\n<meta property=\"og:site_name\" content=\"eCabs App | Book a ride in minutes | eCabs Malta\" \/>\n<meta property=\"article:publisher\" content=\"https:\/\/www.facebook.com\/eCabsMalta\" \/>\n<meta property=\"article:modified_time\" content=\"2024-02-06T14:17:21+00:00\" \/>\n<meta property=\"og:image\" content=\"https:\/\/ecabs.com.mt\/wp-content\/uploads\/2025\/10\/eacbs-preview2.jpg\" \/>\n\t<meta property=\"og:image:width\" content=\"1200\" \/>\n\t<meta property=\"og:image:height\" content=\"630\" \/>\n\t<meta property=\"og:image:type\" content=\"image\/jpeg\" \/>\n<meta name=\"twitter:card\" content=\"summary_large_image\" \/>\n<meta name=\"twitter:label1\" content=\"Tahmini okuma s\u00fcresi\" \/>\n\t<meta name=\"twitter:data1\" content=\"3 dakika\" \/>\n<script type=\"application\/ld+json\" class=\"yoast-schema-graph\">{\"@context\":\"https:\/\/schema.org\",\"@graph\":[{\"@type\":\"WebPage\",\"@id\":\"https:\/\/ecabs.com.mt\/tr\/speak-to-us\/\",\"url\":\"https:\/\/ecabs.com.mt\/tr\/speak-to-us\/\",\"name\":\"Devam\u0131n\u0131 okuyun - eCabs App | Book a ride in minutes | eCabs Malta\",\"isPartOf\":{\"@id\":\"https:\/\/ecabs.com.mt\/#website\"},\"datePublished\":\"2021-11-25T09:06:24+00:00\",\"dateModified\":\"2024-02-06T14:17:21+00:00\",\"description\":\"Feel free to contact us at eCabs here. You may also have your questions answered quicker in our FAQ section.\",\"breadcrumb\":{\"@id\":\"https:\/\/ecabs.com.mt\/tr\/speak-to-us\/#breadcrumb\"},\"inLanguage\":\"tr\",\"potentialAction\":[{\"@type\":\"ReadAction\",\"target\":[\"https:\/\/ecabs.com.mt\/tr\/speak-to-us\/\"]}]},{\"@type\":\"BreadcrumbList\",\"@id\":\"https:\/\/ecabs.com.mt\/tr\/speak-to-us\/#breadcrumb\",\"itemListElement\":[{\"@type\":\"ListItem\",\"position\":1,\"name\":\"Home\",\"item\":\"https:\/\/ecabs.com.mt\/tr\/home\/\"},{\"@type\":\"ListItem\",\"position\":2,\"name\":\"Devam\u0131n\u0131 okuyun\"}]},{\"@type\":\"WebSite\",\"@id\":\"https:\/\/ecabs.com.mt\/#website\",\"url\":\"https:\/\/ecabs.com.mt\/\",\"name\":\"eCabs App | Book a ride in minutes | eCabs Malta\",\"description\":\"eCabs is Malta\u2019s leading cab company with a large fleet of taxis taking bookings 24\/7 through App, Web or by calling on 21383838\",\"potentialAction\":[{\"@type\":\"SearchAction\",\"target\":{\"@type\":\"EntryPoint\",\"urlTemplate\":\"https:\/\/ecabs.com.mt\/?s={search_term_string}\"},\"query-input\":{\"@type\":\"PropertyValueSpecification\",\"valueRequired\":true,\"valueName\":\"search_term_string\"}}],\"inLanguage\":\"tr\"}]}<\/script>\n<!-- \/ Yoast SEO Premium plugin. -->","yoast_head_json":{"title":"Devam\u0131n\u0131 okuyun - eCabs App | Book a ride in minutes | eCabs Malta","description":"Feel free to contact us at eCabs here. You may also have your questions answered quicker in our FAQ section.","robots":{"index":"index","follow":"follow","max-snippet":"max-snippet:-1","max-image-preview":"max-image-preview:large","max-video-preview":"max-video-preview:-1"},"canonical":"https:\/\/ecabs.com.mt\/tr\/speak-to-us\/","og_locale":"tr_TR","og_type":"article","og_title":"Devam\u0131n\u0131 okuyun","og_description":"Feel free to contact us at eCabs here. You may also have your questions answered quicker in our FAQ section.","og_url":"https:\/\/ecabs.com.mt\/tr\/speak-to-us\/","og_site_name":"eCabs App | Book a ride in minutes | eCabs Malta","article_publisher":"https:\/\/www.facebook.com\/eCabsMalta","article_modified_time":"2024-02-06T14:17:21+00:00","og_image":[{"width":1200,"height":630,"url":"https:\/\/ecabs.com.mt\/wp-content\/uploads\/2025\/10\/eacbs-preview2.jpg","type":"image\/jpeg"}],"twitter_card":"summary_large_image","twitter_misc":{"Tahmini okuma s\u00fcresi":"3 dakika"},"schema":{"@context":"https:\/\/schema.org","@graph":[{"@type":"WebPage","@id":"https:\/\/ecabs.com.mt\/tr\/speak-to-us\/","url":"https:\/\/ecabs.com.mt\/tr\/speak-to-us\/","name":"Devam\u0131n\u0131 okuyun - eCabs App | Book a ride in minutes | eCabs Malta","isPartOf":{"@id":"https:\/\/ecabs.com.mt\/#website"},"datePublished":"2021-11-25T09:06:24+00:00","dateModified":"2024-02-06T14:17:21+00:00","description":"Feel free to contact us at eCabs here. You may also have your questions answered quicker in our FAQ section.","breadcrumb":{"@id":"https:\/\/ecabs.com.mt\/tr\/speak-to-us\/#breadcrumb"},"inLanguage":"tr","potentialAction":[{"@type":"ReadAction","target":["https:\/\/ecabs.com.mt\/tr\/speak-to-us\/"]}]},{"@type":"BreadcrumbList","@id":"https:\/\/ecabs.com.mt\/tr\/speak-to-us\/#breadcrumb","itemListElement":[{"@type":"ListItem","position":1,"name":"Home","item":"https:\/\/ecabs.com.mt\/tr\/home\/"},{"@type":"ListItem","position":2,"name":"Devam\u0131n\u0131 okuyun"}]},{"@type":"WebSite","@id":"https:\/\/ecabs.com.mt\/#website","url":"https:\/\/ecabs.com.mt\/","name":"eCabs App | Book a ride in minutes | eCabs Malta","description":"eCabs is Malta\u2019s leading cab company with a large fleet of taxis taking bookings 24\/7 through App, Web or by calling on 21383838","potentialAction":[{"@type":"SearchAction","target":{"@type":"EntryPoint","urlTemplate":"https:\/\/ecabs.com.mt\/?s={search_term_string}"},"query-input":{"@type":"PropertyValueSpecification","valueRequired":true,"valueName":"search_term_string"}}],"inLanguage":"tr"}]}},"_links":{"self":[{"href":"https:\/\/ecabs.com.mt\/tr\/wp-json\/wp\/v2\/pages\/34555","targetHints":{"allow":["GET"]}}],"collection":[{"href":"https:\/\/ecabs.com.mt\/tr\/wp-json\/wp\/v2\/pages"}],"about":[{"href":"https:\/\/ecabs.com.mt\/tr\/wp-json\/wp\/v2\/types\/page"}],"author":[{"embeddable":true,"href":"https:\/\/ecabs.com.mt\/tr\/wp-json\/wp\/v2\/users\/2"}],"replies":[{"embeddable":true,"href":"https:\/\/ecabs.com.mt\/tr\/wp-json\/wp\/v2\/comments?post=34555"}],"version-history":[{"count":3,"href":"https:\/\/ecabs.com.mt\/tr\/wp-json\/wp\/v2\/pages\/34555\/revisions"}],"predecessor-version":[{"id":35941,"href":"https:\/\/ecabs.com.mt\/tr\/wp-json\/wp\/v2\/pages\/34555\/revisions\/35941"}],"wp:attachment":[{"href":"https:\/\/ecabs.com.mt\/tr\/wp-json\/wp\/v2\/media?parent=34555"}],"curies":[{"name":"wp","href":"https:\/\/api.w.org\/{rel}","templated":true}]}}