{"id":34538,"date":"2021-11-24T14:24:47","date_gmt":"2021-11-24T13:24:47","guid":{"rendered":"https:\/\/www.ecabs.com.mt\/partners\/"},"modified":"2024-02-06T15:17:23","modified_gmt":"2024-02-06T14:17:23","slug":"partners","status":"publish","type":"page","link":"https:\/\/ecabs.com.mt\/tr\/partners\/","title":{"rendered":"S\u00fcr\u00fc\u015f"},"content":{"rendered":"<div id='av_section_1'  class='avia-section main_color avia-section-default avia-no-border-styling  avia-bg-style-scroll  avia-builder-el-0  el_before_av_section  avia-builder-el-first  txtlft-grid-by-2-sect padd-top-86 drive-with-ecabs-sect  container_wrap fullsize' style=' '  ><div class='container' ><main  role=\"main\" itemprop=\"mainContentOfPage\"  class='template-page content  av-content-full alpha units'><div class='post-entry post-entry-type-page post-entry-34538'><div class='entry-content-wrapper clearfix'>\n<div class='flex_column_table av-equal-height-column-flextable -flextable' ><div class=\"flex_column av_one_half  flex_column_table_cell av-equal-height-column av-align-middle av-zero-column-padding first  avia-builder-el-1  el_before_av_one_half  avia-builder-el-first  \" style='border-radius:0px; '><p><div  style='padding-bottom:10px; ' class='av-special-heading av-special-heading-h1  blockquote modern-quote  avia-builder-el-2  el_before_av_textblock  avia-builder-el-first  h1-section-title '><h1 class='av-special-heading-tag '  itemprop=\"headline\"  >eCabs ile s\u00fcr\u00fc\u015f yap\u0131n<\/h1><div class='special-heading-border'><div class='special-heading-inner-border' ><\/div><\/div><\/div><br \/>\n<section class=\"av_textblock_section \"  itemscope=\"itemscope\" itemtype=\"https:\/\/schema.org\/CreativeWork\" ><div class='avia_textblock ecabs-p-subtitle '   itemprop=\"text\" ><p>Kendi \u015fartlar\u0131n\u0131zla \u00e7al\u0131\u015farak daha fazla para kazan\u0131n.<\/p>\n<\/div><\/section><br \/>\n<div  class='avia-buttonrow-wrap avia-buttonrow-left   avia-builder-el-4  el_after_av_textblock  el_before_av_hr  ecabs-btn ecabs-btn-180 ecabs-btn-row ecabs-row-btn-outline ecabs-row-btn-full ecabs-row-btns-fullmain'>\n<a href='https:\/\/ecabs.com.mt\/apply-for-fleet\/'  class='avia-button  avia-color-theme-color  avia-icon_select-no avia-size-small '  style='margin-bottom:5px; margin-right:5px; ' ><span class='avia_iconbox_title' >Filo Kayd\u0131<\/span><\/a>\n<a href='https:\/\/ecabs.com.mt\/apply-to-drive\/'  class='avia-button  avia-color-theme-color  avia-icon_select-no avia-size-small '  style='margin-bottom:5px; margin-right:5px; ' ><span class='avia_iconbox_title' >S\u00fcr\u00fcc\u00fc Kayd\u0131<\/span><\/a>\n<\/div><br \/>\n<div  style='height:50px' class='hr hr-invisible   avia-builder-el-5  el_after_av_buttonrow  el_before_av_button '><span class='hr-inner ' ><span class='hr-inner-style'><\/span><\/span><\/div><br \/>\n<div  class='avia-button-wrap avia-button-left  avia-builder-el-6  el_after_av_hr  el_before_av_textblock  ecabs-btn ecabs-btn-180 btn-blue-outline justify-content-start' ><a href='https:\/\/partners.ecabs.com.mt\/' class='avia-button  avia-color-theme-color   avia-icon_select-no avia-size-small avia-position-left ' target=\"_blank\" rel=\"noopener noreferrer\"><span class='avia_iconbox_title' >Giri\u015f Yap<\/span><\/a><\/div><br \/>\n<section class=\"av_textblock_section \"  itemscope=\"itemscope\" itemtype=\"https:\/\/schema.org\/CreativeWork\" ><div class='avia_textblock ecabs-p-14 '   itemprop=\"text\" ><p>Yard\u0131ma ihtiyac\u0131n\u0131z m\u0131 var? S\u00fcr\u00fcc\u00fc SSS\u2019lerimize g\u00f6z at\u0131n<\/p>\n<\/div><\/section><\/p><\/div><div class='av-flex-placeholder'><\/div><div class=\"flex_column av_one_half  flex_column_table_cell av-equal-height-column av-align-middle av-zero-column-padding   avia-builder-el-8  el_after_av_one_half  avia-builder-el-last  \" style='border-radius:0px; '><div  class='avia-image-container  av-styling-    avia-builder-el-9  avia-builder-el-no-sibling  img-height-448 avia-align-center '  itemprop=\"image\" itemscope=\"itemscope\" itemtype=\"https:\/\/schema.org\/ImageObject\"  ><div class='avia-image-container-inner'><div class='avia-image-overlay-wrap'><img decoding=\"async\" class='wp-image-0 avia-img-lazy-loading-not-0 avia_image' src=\"https:\/\/ecabs.com.mt\/wp-content\/uploads\/2021\/11\/Image-2.jpg\" alt='' title=''   itemprop=\"thumbnailUrl\"  \/><\/div><\/div><\/div><\/div><\/div><!--close column table wrapper. Autoclose: 1 --><\/div><\/div><\/main><!-- close content main element --><\/div><\/div><div id='av_section_2'  class='avia-section main_color avia-section-default avia-no-border-styling  avia-bg-style-scroll  avia-builder-el-10  el_after_av_section  el_before_av_section  mobile-text-align-left no-padd-topbot  container_wrap fullsize' style=' '  ><div class='container' ><div class='template-page content  av-content-full alpha units'><div class='post-entry post-entry-type-page post-entry-34538'><div class='entry-content-wrapper clearfix'>\n<div class='flex_column_table av-equal-height-column-flextable -flextable' ><div class=\"flex_column av_one_full  flex_column_table_cell av-equal-height-column av-align-middle av-zero-column-padding first  avia-builder-el-11  avia-builder-el-no-sibling  \" style='border-radius:0px; '><p><div  style='padding-bottom:10px; ' class='av-special-heading av-special-heading-h3  blockquote modern-quote  avia-builder-el-12  el_before_av_heading  avia-builder-el-first  h3-subtitle '><h3 class='av-special-heading-tag '  itemprop=\"headline\"  >AVANTAJLAR<\/h3><div class='special-heading-border'><div class='special-heading-inner-border' ><\/div><\/div><\/div><br \/>\n<div  style='padding-bottom:10px; ' class='av-special-heading av-special-heading-h2  blockquote modern-quote  avia-builder-el-13  el_after_av_heading  el_before_av_codeblock  h2-section-title '><h2 class='av-special-heading-tag '  itemprop=\"headline\"  >Kazan\u00e7, esneklik ve destek<\/h2><div class='special-heading-border'><div class='special-heading-inner-border' ><\/div><\/div><\/div><br \/>\n<\/p><\/div><\/div><!--close column table wrapper. Autoclose: 1 -->\n<\/p>\n<\/div><\/div><\/div><!-- close content main div --><\/div><\/div><div id='av_section_3'  class='avia-section main_color avia-section-default avia-no-border-styling  avia-bg-style-scroll  avia-builder-el-15  el_after_av_section  avia-builder-el-last  txtright-grid-by-2-sect padd-topbot-200 column-gap-69 mobile-text-align-left  container_wrap fullsize' style=' '  ><div class='container' ><div class='template-page content  av-content-full alpha units'><div class='post-entry post-entry-type-page post-entry-34538'><div class='entry-content-wrapper clearfix'>\n<div class='flex_column_table av-equal-height-column-flextable -flextable' ><div class=\"flex_column av_one_half  av-hide-on-mobile  flex_column_table_cell av-equal-height-column av-align-middle av-zero-column-padding first  avia-builder-el-16  el_before_av_one_half  avia-builder-el-first  img-left \" style='border-radius:0px; '><div  class='avia-image-container  av-styling-    avia-builder-el-17  avia-builder-el-no-sibling  img-height-576 avia-align-center '  itemprop=\"image\" itemscope=\"itemscope\" itemtype=\"https:\/\/schema.org\/ImageObject\"  ><div class='avia-image-container-inner'><div class='avia-image-overlay-wrap'><img decoding=\"async\" class='wp-image-34862 avia-img-lazy-loading-not-34862 avia_image' src=\"https:\/\/ecabs.com.mt\/wp-content\/uploads\/2023\/12\/Iphone-Mockup-turk.webp\" alt='Drive with eCabs' title='Drive with eCabs' height=\"1728\" width=\"1062\"  itemprop=\"thumbnailUrl\" srcset=\"https:\/\/ecabs.com.mt\/wp-content\/uploads\/2023\/12\/Iphone-Mockup-turk.webp 1062w, https:\/\/ecabs.com.mt\/wp-content\/uploads\/2023\/12\/Iphone-Mockup-turk-184x300.webp 184w, https:\/\/ecabs.com.mt\/wp-content\/uploads\/2023\/12\/Iphone-Mockup-turk-633x1030.webp 633w, https:\/\/ecabs.com.mt\/wp-content\/uploads\/2023\/12\/Iphone-Mockup-turk-768x1250.webp 768w, https:\/\/ecabs.com.mt\/wp-content\/uploads\/2023\/12\/Iphone-Mockup-turk-944x1536.webp 944w, https:\/\/ecabs.com.mt\/wp-content\/uploads\/2023\/12\/Iphone-Mockup-turk-922x1500.webp 922w, https:\/\/ecabs.com.mt\/wp-content\/uploads\/2023\/12\/Iphone-Mockup-turk-433x705.webp 433w\" sizes=\"(max-width: 1062px) 100vw, 1062px\" \/><\/div><\/div><\/div><\/div><div class='av-flex-placeholder'><\/div><div class=\"flex_column av_one_half  flex_column_table_cell av-equal-height-column av-align-middle av-zero-column-padding   avia-builder-el-18  el_after_av_one_half  el_before_av_one_half  \" style='border-radius:0px; '><p><div  style='padding-bottom:10px; ' class='av-special-heading av-special-heading-h3  blockquote modern-quote  avia-builder-el-19  el_before_av_heading  avia-builder-el-first  h3-subtitle '><h3 class='av-special-heading-tag '  itemprop=\"headline\"  >KOM\u0130SYONLAR<\/h3><div class='special-heading-border'><div class='special-heading-inner-border' ><\/div><\/div><\/div><br \/>\n<div  style='padding-bottom:10px; ' class='av-special-heading av-special-heading-h2  blockquote modern-quote  avia-builder-el-20  el_after_av_heading  el_before_av_textblock  h2-section-title '><h2 class='av-special-heading-tag '  itemprop=\"headline\"  >En d\u00fc\u015f\u00fck komisyon oranlar\u0131<\/h2><div class='special-heading-border'><div class='special-heading-inner-border' ><\/div><\/div><\/div><br \/>\n<section class=\"av_textblock_section \"  itemscope=\"itemscope\" itemtype=\"https:\/\/schema.org\/CreativeWork\" ><div class='avia_textblock ecabs-p invalid-custom-class-found '   itemprop=\"text\" ><p>Platformumuz \u00fczerinden s\u00fcr\u00fc\u015f yapan i\u015f ortaklar\u0131m\u0131zla aram\u0131zdaki a\u00e7\u0131k ileti\u015fime dayal\u0131 ili\u015fkiyi yans\u0131tt\u0131\u011f\u0131 i\u00e7in S\u00fcr\u00fcc\u00fc \u0130\u015f Orta\u011f\u0131 terimini t\u00fcrettik.<\/p>\n<p>Sekt\u00f6r\u00fc daha s\u00fcrd\u00fcr\u00fclebilir h\u00e2le getirmek i\u00e7in \u00e7abalamaya devam ederken yat\u0131r\u0131m\u0131n\u0131z kar\u015f\u0131l\u0131\u011f\u0131nda en y\u00fcksek getiriyi sunarak kazanc\u0131n\u0131z\u0131n en \u00fcst d\u00fczeye \u00e7\u0131kmas\u0131n\u0131 sa\u011fl\u0131yoruz.<\/p>\n<\/div><\/section><\/p><\/div><\/div><!--close column table wrapper. Autoclose: 1 --><div class='flex_column_table av-equal-height-column-flextable -flextable' style='margin-top:0px; margin-bottom:0px; '><div class=\"flex_column av_one_half  flex_column_table_cell av-equal-height-column av-align-middle av-zero-column-padding first  avia-builder-el-22  el_after_av_one_half  avia-builder-el-last  img-left hide-desktop column-top-margin\" style='border-radius:0px; '><div  class='avia-image-container  av-styling-    avia-builder-el-23  avia-builder-el-no-sibling  img-height-576 avia-align-center '  itemprop=\"image\" itemscope=\"itemscope\" itemtype=\"https:\/\/schema.org\/ImageObject\"  ><div class='avia-image-container-inner'><div class='avia-image-overlay-wrap'><img decoding=\"async\" class='wp-image-34862 avia-img-lazy-loading-not-34862 avia_image' src=\"https:\/\/ecabs.com.mt\/wp-content\/uploads\/2023\/12\/Iphone-Mockup-turk.webp\" alt='Drive with eCabs' title='Drive with eCabs' height=\"1728\" width=\"1062\"  itemprop=\"thumbnailUrl\" srcset=\"https:\/\/ecabs.com.mt\/wp-content\/uploads\/2023\/12\/Iphone-Mockup-turk.webp 1062w, https:\/\/ecabs.com.mt\/wp-content\/uploads\/2023\/12\/Iphone-Mockup-turk-184x300.webp 184w, https:\/\/ecabs.com.mt\/wp-content\/uploads\/2023\/12\/Iphone-Mockup-turk-633x1030.webp 633w, https:\/\/ecabs.com.mt\/wp-content\/uploads\/2023\/12\/Iphone-Mockup-turk-768x1250.webp 768w, https:\/\/ecabs.com.mt\/wp-content\/uploads\/2023\/12\/Iphone-Mockup-turk-944x1536.webp 944w, https:\/\/ecabs.com.mt\/wp-content\/uploads\/2023\/12\/Iphone-Mockup-turk-922x1500.webp 922w, https:\/\/ecabs.com.mt\/wp-content\/uploads\/2023\/12\/Iphone-Mockup-turk-433x705.webp 433w\" sizes=\"(max-width: 1062px) 100vw, 1062px\" \/><\/div><\/div><\/div><\/div><\/div><!--close column table wrapper. Autoclose: 1 -->\n\n","protected":false},"excerpt":{"rendered":"","protected":false},"author":2,"featured_media":0,"parent":0,"menu_order":0,"comment_status":"closed","ping_status":"closed","template":"","meta":{"inline_featured_image":false,"footnotes":""},"class_list":["post-34538","page","type-page","status-publish","hentry"],"yoast_head":"<!-- This site is optimized with the Yoast SEO Premium plugin v24.2 (Yoast SEO v24.2) - https:\/\/yoast.com\/wordpress\/plugins\/seo\/ -->\n<title>S\u00fcr\u00fc\u015f - eCabs App | Book a ride in minutes | eCabs Malta<\/title>\n<meta name=\"description\" content=\"Join the eCabs team! Apply to drive today and start earning with this reliable, trusted and innovative ride-hailing company.\" \/>\n<meta name=\"robots\" content=\"index, follow, max-snippet:-1, max-image-preview:large, max-video-preview:-1\" \/>\n<link rel=\"canonical\" href=\"https:\/\/ecabs.com.mt\/tr\/partners\/\" \/>\n<meta property=\"og:locale\" content=\"tr_TR\" \/>\n<meta property=\"og:type\" content=\"article\" \/>\n<meta property=\"og:title\" content=\"S\u00fcr\u00fc\u015f\" \/>\n<meta property=\"og:description\" content=\"Join the eCabs team! Apply to drive today and start earning with this reliable, trusted and innovative ride-hailing company.\" \/>\n<meta property=\"og:url\" content=\"https:\/\/ecabs.com.mt\/tr\/partners\/\" \/>\n<meta property=\"og:site_name\" content=\"eCabs App | Book a ride in minutes | eCabs Malta\" \/>\n<meta property=\"article:publisher\" content=\"https:\/\/www.facebook.com\/eCabsMalta\" \/>\n<meta property=\"article:modified_time\" content=\"2024-02-06T14:17:23+00:00\" \/>\n<meta property=\"og:image\" content=\"https:\/\/ecabs.com.mt\/wp-content\/uploads\/2025\/10\/eacbs-preview2.jpg\" \/>\n\t<meta property=\"og:image:width\" content=\"1200\" \/>\n\t<meta property=\"og:image:height\" content=\"630\" \/>\n\t<meta property=\"og:image:type\" content=\"image\/jpeg\" \/>\n<meta name=\"twitter:card\" content=\"summary_large_image\" \/>\n<meta name=\"twitter:label1\" content=\"Tahmini okuma s\u00fcresi\" \/>\n\t<meta name=\"twitter:data1\" content=\"5 dakika\" \/>\n<script type=\"application\/ld+json\" class=\"yoast-schema-graph\">{\"@context\":\"https:\/\/schema.org\",\"@graph\":[{\"@type\":\"WebPage\",\"@id\":\"https:\/\/ecabs.com.mt\/tr\/partners\/\",\"url\":\"https:\/\/ecabs.com.mt\/tr\/partners\/\",\"name\":\"S\u00fcr\u00fc\u015f - eCabs App | Book a ride in minutes | eCabs Malta\",\"isPartOf\":{\"@id\":\"https:\/\/ecabs.com.mt\/#website\"},\"datePublished\":\"2021-11-24T13:24:47+00:00\",\"dateModified\":\"2024-02-06T14:17:23+00:00\",\"description\":\"Join the eCabs team! Apply to drive today and start earning with this reliable, trusted and innovative ride-hailing company.\",\"breadcrumb\":{\"@id\":\"https:\/\/ecabs.com.mt\/tr\/partners\/#breadcrumb\"},\"inLanguage\":\"tr\",\"potentialAction\":[{\"@type\":\"ReadAction\",\"target\":[\"https:\/\/ecabs.com.mt\/tr\/partners\/\"]}]},{\"@type\":\"BreadcrumbList\",\"@id\":\"https:\/\/ecabs.com.mt\/tr\/partners\/#breadcrumb\",\"itemListElement\":[{\"@type\":\"ListItem\",\"position\":1,\"name\":\"Home\",\"item\":\"https:\/\/ecabs.com.mt\/tr\/home\/\"},{\"@type\":\"ListItem\",\"position\":2,\"name\":\"S\u00fcr\u00fc\u015f\"}]},{\"@type\":\"WebSite\",\"@id\":\"https:\/\/ecabs.com.mt\/#website\",\"url\":\"https:\/\/ecabs.com.mt\/\",\"name\":\"eCabs App | Book a ride in minutes | eCabs Malta\",\"description\":\"eCabs is Malta\u2019s leading cab company with a large fleet of taxis taking bookings 24\/7 through App, Web or by calling on 21383838\",\"potentialAction\":[{\"@type\":\"SearchAction\",\"target\":{\"@type\":\"EntryPoint\",\"urlTemplate\":\"https:\/\/ecabs.com.mt\/?s={search_term_string}\"},\"query-input\":{\"@type\":\"PropertyValueSpecification\",\"valueRequired\":true,\"valueName\":\"search_term_string\"}}],\"inLanguage\":\"tr\"}]}<\/script>\n<!-- \/ Yoast SEO Premium plugin. -->","yoast_head_json":{"title":"S\u00fcr\u00fc\u015f - eCabs App | Book a ride in minutes | eCabs Malta","description":"Join the eCabs team! Apply to drive today and start earning with this reliable, trusted and innovative ride-hailing company.","robots":{"index":"index","follow":"follow","max-snippet":"max-snippet:-1","max-image-preview":"max-image-preview:large","max-video-preview":"max-video-preview:-1"},"canonical":"https:\/\/ecabs.com.mt\/tr\/partners\/","og_locale":"tr_TR","og_type":"article","og_title":"S\u00fcr\u00fc\u015f","og_description":"Join the eCabs team! Apply to drive today and start earning with this reliable, trusted and innovative ride-hailing company.","og_url":"https:\/\/ecabs.com.mt\/tr\/partners\/","og_site_name":"eCabs App | Book a ride in minutes | eCabs Malta","article_publisher":"https:\/\/www.facebook.com\/eCabsMalta","article_modified_time":"2024-02-06T14:17:23+00:00","og_image":[{"width":1200,"height":630,"url":"https:\/\/ecabs.com.mt\/wp-content\/uploads\/2025\/10\/eacbs-preview2.jpg","type":"image\/jpeg"}],"twitter_card":"summary_large_image","twitter_misc":{"Tahmini okuma s\u00fcresi":"5 dakika"},"schema":{"@context":"https:\/\/schema.org","@graph":[{"@type":"WebPage","@id":"https:\/\/ecabs.com.mt\/tr\/partners\/","url":"https:\/\/ecabs.com.mt\/tr\/partners\/","name":"S\u00fcr\u00fc\u015f - eCabs App | Book a ride in minutes | eCabs Malta","isPartOf":{"@id":"https:\/\/ecabs.com.mt\/#website"},"datePublished":"2021-11-24T13:24:47+00:00","dateModified":"2024-02-06T14:17:23+00:00","description":"Join the eCabs team! Apply to drive today and start earning with this reliable, trusted and innovative ride-hailing company.","breadcrumb":{"@id":"https:\/\/ecabs.com.mt\/tr\/partners\/#breadcrumb"},"inLanguage":"tr","potentialAction":[{"@type":"ReadAction","target":["https:\/\/ecabs.com.mt\/tr\/partners\/"]}]},{"@type":"BreadcrumbList","@id":"https:\/\/ecabs.com.mt\/tr\/partners\/#breadcrumb","itemListElement":[{"@type":"ListItem","position":1,"name":"Home","item":"https:\/\/ecabs.com.mt\/tr\/home\/"},{"@type":"ListItem","position":2,"name":"S\u00fcr\u00fc\u015f"}]},{"@type":"WebSite","@id":"https:\/\/ecabs.com.mt\/#website","url":"https:\/\/ecabs.com.mt\/","name":"eCabs App | Book a ride in minutes | eCabs Malta","description":"eCabs is Malta\u2019s leading cab company with a large fleet of taxis taking bookings 24\/7 through App, Web or by calling on 21383838","potentialAction":[{"@type":"SearchAction","target":{"@type":"EntryPoint","urlTemplate":"https:\/\/ecabs.com.mt\/?s={search_term_string}"},"query-input":{"@type":"PropertyValueSpecification","valueRequired":true,"valueName":"search_term_string"}}],"inLanguage":"tr"}]}},"_links":{"self":[{"href":"https:\/\/ecabs.com.mt\/tr\/wp-json\/wp\/v2\/pages\/34538","targetHints":{"allow":["GET"]}}],"collection":[{"href":"https:\/\/ecabs.com.mt\/tr\/wp-json\/wp\/v2\/pages"}],"about":[{"href":"https:\/\/ecabs.com.mt\/tr\/wp-json\/wp\/v2\/types\/page"}],"author":[{"embeddable":true,"href":"https:\/\/ecabs.com.mt\/tr\/wp-json\/wp\/v2\/users\/2"}],"replies":[{"embeddable":true,"href":"https:\/\/ecabs.com.mt\/tr\/wp-json\/wp\/v2\/comments?post=34538"}],"version-history":[{"count":5,"href":"https:\/\/ecabs.com.mt\/tr\/wp-json\/wp\/v2\/pages\/34538\/revisions"}],"predecessor-version":[{"id":35945,"href":"https:\/\/ecabs.com.mt\/tr\/wp-json\/wp\/v2\/pages\/34538\/revisions\/35945"}],"wp:attachment":[{"href":"https:\/\/ecabs.com.mt\/tr\/wp-json\/wp\/v2\/media?parent=34538"}],"curies":[{"name":"wp","href":"https:\/\/api.w.org\/{rel}","templated":true}]}}