{"id":34528,"date":"2021-11-24T13:58:05","date_gmt":"2021-11-24T12:58:05","guid":{"rendered":"https:\/\/www.ecabs.com.mt\/ride\/"},"modified":"2024-02-06T15:17:24","modified_gmt":"2024-02-06T14:17:24","slug":"ride","status":"publish","type":"page","link":"https:\/\/ecabs.com.mt\/tr\/ride\/","title":{"rendered":"Yolculuk"},"content":{"rendered":"<div id='av_section_1'  class='avia-section main_color avia-section-default avia-no-border-styling  avia-bg-style-scroll  avia-builder-el-0  el_before_av_section  avia-builder-el-first  txtlft-grid-by-2-sect padd-top-86 column-gap-108 want-to-book-quickly-section padd-bot-200 mob-row-gap-55  container_wrap fullsize' style=' '  ><div class='container' ><main  role=\"main\" itemprop=\"mainContentOfPage\"  class='template-page content  av-content-full alpha units'><div class='post-entry post-entry-type-page post-entry-34528'><div class='entry-content-wrapper clearfix'>\n<div class='flex_column_table av-equal-height-column-flextable -flextable' ><div class=\"flex_column av_one_half  flex_column_table_cell av-equal-height-column av-align-middle av-zero-column-padding first  avia-builder-el-1  el_before_av_one_half  avia-builder-el-first  \" style='border-radius:0px; '><p><div  style='padding-bottom:10px; ' class='av-special-heading av-special-heading-h1  blockquote modern-quote  avia-builder-el-2  el_before_av_button  avia-builder-el-first  h1-section-title '><h1 class='av-special-heading-tag '  itemprop=\"headline\"  >H\u0131zl\u0131 yolcu al\u0131mlar\u0131, daha d\u00fc\u015f\u00fck \u00fccretler<\/h1><div class='special-heading-border'><div class='special-heading-inner-border' ><\/div><\/div><\/div><br \/>\n<div  class='avia-button-wrap avia-button-left  avia-builder-el-3  el_after_av_heading  avia-builder-el-last  ecabs-btn ecabs-btn-200 btn-blue-outline page-download-app-btn' ><a href='https:\/\/ecabs.com.mt\/request-a-ride\/' class='avia-button  avia-color-theme-color   avia-icon_select-no avia-size-small avia-position-left ' target=\"_blank\" rel=\"noopener noreferrer\"><span class='avia_iconbox_title' >Ba\u015flay\u0131n<\/span><\/a><\/div><\/p><\/div><div class='av-flex-placeholder'><\/div><div class=\"flex_column av_one_half  flex_column_table_cell av-equal-height-column av-align-middle av-zero-column-padding   avia-builder-el-4  el_after_av_one_half  avia-builder-el-last  \" style='border-radius:0px; '><div  class='avia-image-container  av-styling-    avia-builder-el-5  avia-builder-el-no-sibling  img-height-448 avia-align-center '  itemprop=\"image\" itemscope=\"itemscope\" itemtype=\"https:\/\/schema.org\/ImageObject\"  ><div class='avia-image-container-inner'><div class='avia-image-overlay-wrap'><img decoding=\"async\" class='wp-image-0 avia-img-lazy-loading-not-0 avia_image' src=\"https:\/\/ecabs.com.mt\/wp-content\/uploads\/2021\/12\/Ride-1-Cropped.jpg\" alt='' title=''   itemprop=\"thumbnailUrl\"  \/><\/div><\/div><\/div><\/div><\/div><!--close column table wrapper. Autoclose: 1 -->\n\n<\/div><\/div><\/main><!-- close content main element --><\/div><\/div><div id='av_section_2'  class='avia-section main_color avia-section-default avia-no-border-styling  av-section-color-overlay-active avia-bg-style-scroll  avia-builder-el-6  el_after_av_section  el_before_av_section  blue-color-section ecabs-mobile-overlay-center love-the-journey-section break-row-1200  container_wrap fullsize' style=' '  ><div class='av-section-color-overlay-wrap'><div class='av-section-color-overlay' style='opacity: 1; '><\/div><div class='container' ><div class='template-page content  av-content-full alpha units'><div class='post-entry post-entry-type-page post-entry-34528'><div class='entry-content-wrapper clearfix'>\n<div class='flex_column_table av-equal-height-column-flextable -flextable' ><div class=\"flex_column av_one_half  flex_column_table_cell av-equal-height-column av-align-middle av-zero-column-padding first  avia-builder-el-7  el_before_av_one_half  avia-builder-el-first  \" style='border-radius:0px; '><p><div  style='padding-bottom:10px; ' class='av-special-heading av-special-heading-h2  blockquote modern-quote  avia-builder-el-8  el_before_av_heading  avia-builder-el-first  h1-section-title '><h2 class='av-special-heading-tag '  itemprop=\"headline\"  >Yolculuktan keyif al\u0131n<\/h2><div class='special-heading-border'><div class='special-heading-inner-border' ><\/div><\/div><\/div><br \/>\n<div  style='padding-bottom:10px; ' class='av-special-heading av-special-heading-h3  blockquote modern-quote  avia-builder-el-9  el_after_av_heading  el_before_av_textblock  h3-under-section-title '><h3 class='av-special-heading-tag '  itemprop=\"headline\"  >eCabs uygulamas\u0131, kolayca hareket etmeniz i\u00e7in ihtiyac\u0131n\u0131z olan her \u015feyi size sunar<\/h3><div class='special-heading-border'><div class='special-heading-inner-border' ><\/div><\/div><\/div><br \/>\n<section class=\"av_textblock_section \"  itemscope=\"itemscope\" itemtype=\"https:\/\/schema.org\/CreativeWork\" ><div class='avia_textblock ecabs-p '   itemprop=\"text\" ><p>\u0130stedi\u011finiz ara\u00e7 stilini se\u00e7in, en h\u0131zl\u0131 yolcu al\u0131mlar\u0131 i\u00e7in anl\u0131k rezervasyon veya \u00f6nceden planlamak istedi\u011finiz yolculuklar i\u00e7in ileri tarihli rezervasyon yapt\u0131r\u0131n, s\u00fcr\u00fcc\u00fcn\u00fcz\u00fc takip edin ve onunla ileti\u015fim kurun ve benzersiz eCabs Circle \u00f6d\u00fcl program\u0131m\u0131zda durumunuzu izleyin.<\/p>\n<\/div><\/section><br \/>\n<div  class='avia-buttonrow-wrap avia-buttonrow-left  av-small-hide av-mini-hide  avia-builder-el-11  el_after_av_textblock  el_before_av_button  ecabs-btn ecabs-btn-180 btn-black-outline ecabs-btn-row ecabs-btn-row-white ecabs-os-btns'>\n<a href='https:\/\/apps.apple.com\/mt\/app\/ecabs-malta\/id777550235#?platform=iphone' class='avia-button  avia-color-theme-color  avia-icon_select-no avia-size-small ' target=\"_blank\" rel=\"noopener noreferrer\" style='margin-bottom:5px; margin-right:5px; '><span class='avia_iconbox_title' ><i class=\"apple-logo\"><\/i><\/span><\/a>\n<a href='https:\/\/play.google.com\/store\/apps\/details?id=com.ecabsmobileapplication&amp;hl=en' class='avia-button  avia-color-theme-color  avia-icon_select-no avia-size-small ' target=\"_blank\" rel=\"noopener noreferrer\" style='margin-bottom:5px; margin-right:5px; '><span class='avia_iconbox_title' ><i class=\"google-play-logo\"><\/i><\/span><\/a>\n<\/div><br \/>\n<div  class='avia-button-wrap avia-button-left  avia-builder-el-12  el_after_av_buttonrow  avia-builder-el-last  ecabs-btn ecabs-btn-200 btn-no-outline btn-bg-white hide-desktop' ><a href='https:\/\/ecabsapp.onelink.me\/v3ih\/website' class='avia-button  avia-color-theme-color   av-desktop-hide av-medium-hide avia-icon_select-no avia-size-small avia-position-left ' target=\"_blank\" rel=\"noopener noreferrer\"><span class='avia_iconbox_title' >Download app<\/span><\/a><\/div><\/p><\/div><div class='av-flex-placeholder'><\/div><div class=\"flex_column av_one_half  flex_column_table_cell av-equal-height-column av-align-middle av-zero-column-padding   avia-builder-el-13  el_after_av_one_half  avia-builder-el-last  \" style='border-radius:0px; '><\/div><\/div><!--close column table wrapper. Autoclose: 1 -->\n\n<\/div><\/div><\/div><!-- close content main div --><\/div><\/div><\/div><div id='av_section_3'  class='avia-section main_color avia-section-default avia-no-border-styling  avia-bg-style-scroll  avia-builder-el-15  el_after_av_section  el_before_av_section  rider-types-section mobile-text-align-left padd-bot-0 padd-top-200  container_wrap fullsize' style=' '  ><div class='container' ><div class='template-page content  av-content-full alpha units'><div class='post-entry post-entry-type-page post-entry-34528'><div class='entry-content-wrapper clearfix'>\n<div class='flex_column_table av-equal-height-column-flextable -flextable' ><div class=\"flex_column av_one_full  flex_column_table_cell av-equal-height-column av-align-middle av-zero-column-padding first  avia-builder-el-16  avia-builder-el-no-sibling  \" style='border-radius:0px; '><p><div  style='padding-bottom:10px; ' class='av-special-heading av-special-heading-h3  blockquote modern-quote  avia-builder-el-17  el_before_av_heading  avia-builder-el-first  h3-subtitle '><h3 class='av-special-heading-tag '  itemprop=\"headline\"  >ARA\u00c7 T\u0130PLER\u0130<\/h3><div class='special-heading-border'><div class='special-heading-inner-border' ><\/div><\/div><\/div><br \/>\n<div  style='padding-bottom:10px; ' class='av-special-heading av-special-heading-h2  blockquote modern-quote  avia-builder-el-18  el_after_av_heading  el_before_av_heading  h2-section-title '><h2 class='av-special-heading-tag '  itemprop=\"headline\"  >A\u015fa\u011f\u0131daki ara\u00e7lardan herhangi biriyle yola \u00e7\u0131k\u0131n ve yolculuktan keyif al\u0131n<\/h2><div class='special-heading-border'><div class='special-heading-inner-border' ><\/div><\/div><\/div><br \/>\n<div  style='padding-bottom:10px; ' class='av-special-heading av-special-heading-h3  blockquote modern-quote  avia-builder-el-19  el_after_av_heading  el_before_av_codeblock  h3-under-section-title '><h3 class='av-special-heading-tag '  itemprop=\"headline\"  >eCabs Circle \u00f6d\u00fcl program\u0131m\u0131z ile her yolculukta puan kazan\u0131n<\/h3><div class='special-heading-border'><div class='special-heading-inner-border' ><\/div><\/div><\/div><br \/>\n<\/p><\/div><\/div><!--close column table wrapper. Autoclose: 1 -->\n\n<\/div><\/div><\/div><!-- close content main div --><\/div><\/div><div id='av_section_4'  class='avia-section main_color avia-section-default avia-no-border-styling  avia-bg-style-scroll  avia-builder-el-21  el_after_av_section  avia-builder-el-last  txtright-grid-by-2-sect padd-topbot-200  container_wrap fullsize' style=' '  ><div class='container' ><div class='template-page content  av-content-full alpha units'><div class='post-entry post-entry-type-page post-entry-34528'><div class='entry-content-wrapper clearfix'>\n<div class='flex_column_table av-equal-height-column-flextable -flextable' ><div class=\"flex_column av_one_half  flex_column_table_cell av-equal-height-column av-align-middle av-zero-column-padding first  avia-builder-el-22  el_before_av_one_half  avia-builder-el-first  img-left \" style='border-radius:0px; '><div  class='avia-image-container  av-styling-    avia-builder-el-23  avia-builder-el-no-sibling  img-height-448 avia-align-center '  itemprop=\"image\" itemscope=\"itemscope\" itemtype=\"https:\/\/schema.org\/ImageObject\"  ><div class='avia-image-container-inner'><div class='avia-image-overlay-wrap'><img decoding=\"async\" class='wp-image-0 avia-img-lazy-loading-not-0 avia_image' src=\"https:\/\/ecabs.com.mt\/wp-content\/uploads\/2021\/12\/Home-2.jpg\" alt='' title=''   itemprop=\"thumbnailUrl\"  \/><\/div><\/div><\/div><\/div><div class='av-flex-placeholder'><\/div><div class=\"flex_column av_one_half  flex_column_table_cell av-equal-height-column av-align-middle av-zero-column-padding   avia-builder-el-24  el_after_av_one_half  avia-builder-el-last  \" style='border-radius:0px; '><p><div  style='padding-bottom:10px; ' class='av-special-heading av-special-heading-h3  blockquote modern-quote  avia-builder-el-25  el_before_av_heading  avia-builder-el-first  h3-subtitle '><h3 class='av-special-heading-tag '  itemprop=\"headline\"  >ECABS CIRCLE<\/h3><div class='special-heading-border'><div class='special-heading-inner-border' ><\/div><\/div><\/div><br \/>\n<div  style='padding-bottom:10px; ' class='av-special-heading av-special-heading-h2  blockquote modern-quote  avia-builder-el-26  el_after_av_heading  el_before_av_textblock  h2-section-title '><h2 class='av-special-heading-tag '  itemprop=\"headline\"  >\u00dccretsiz yolculuklar kazan\u0131n,<br \/>\neCabs Circle\u2019a kat\u0131l\u0131n<\/h2><div class='special-heading-border'><div class='special-heading-inner-border' ><\/div><\/div><\/div><br \/>\n<section class=\"av_textblock_section \"  itemscope=\"itemscope\" itemtype=\"https:\/\/schema.org\/CreativeWork\" ><div class='avia_textblock ecabs-p '   itemprop=\"text\" ><p>Puan art\u0131r\u0131c\u0131lar, \u00f6zel promosyonlar ve size \u00f6zel avantajlarla ne kadar \u00e7ok yolculuk yaparsan\u0131z o kadar \u00e7ok kazan\u0131rs\u0131n\u0131z.<\/p>\n<\/div><\/section><br \/>\n<div  class='avia-button-wrap avia-button-left  avia-builder-el-28  el_after_av_textblock  avia-builder-el-last  ecabs-btn ecabs-btn-200 btn-blue-outline' ><a href='https:\/\/ecabs.com.mt\/ecabscircle\/'  class='avia-button  avia-color-theme-color   avia-icon_select-no avia-size-small avia-position-left '   ><span class='avia_iconbox_title' >Daha fazla bilgi edinin<\/span><\/a><\/div><\/p><\/div><\/div><!--close column table wrapper. Autoclose: 1 -->\n","protected":false},"excerpt":{"rendered":"","protected":false},"author":2,"featured_media":0,"parent":0,"menu_order":0,"comment_status":"closed","ping_status":"closed","template":"","meta":{"inline_featured_image":false,"footnotes":""},"class_list":["post-34528","page","type-page","status-publish","hentry"],"yoast_head":"<!-- This site is optimized with the Yoast SEO Premium plugin v24.2 (Yoast SEO v24.2) - https:\/\/yoast.com\/wordpress\/plugins\/seo\/ -->\n<title>Yolculuk - eCabs App | Book a ride in minutes | eCabs Malta<\/title>\n<meta name=\"description\" content=\"Ride with eCabs Malta. Book any ride style, book now for the fastest pick-ups, or later for rides you wish to pre-plan with the eCabs app.\" \/>\n<meta name=\"robots\" content=\"index, follow, max-snippet:-1, max-image-preview:large, max-video-preview:-1\" \/>\n<link rel=\"canonical\" href=\"https:\/\/ecabs.com.mt\/tr\/ride\/\" \/>\n<meta property=\"og:locale\" content=\"tr_TR\" \/>\n<meta property=\"og:type\" content=\"article\" \/>\n<meta property=\"og:title\" content=\"Yolculuk\" \/>\n<meta property=\"og:description\" content=\"Ride with eCabs Malta. Book any ride style, book now for the fastest pick-ups, or later for rides you wish to pre-plan with the eCabs app.\" \/>\n<meta property=\"og:url\" content=\"https:\/\/ecabs.com.mt\/tr\/ride\/\" \/>\n<meta property=\"og:site_name\" content=\"eCabs App | Book a ride in minutes | eCabs Malta\" \/>\n<meta property=\"article:publisher\" content=\"https:\/\/www.facebook.com\/eCabsMalta\" \/>\n<meta property=\"article:modified_time\" content=\"2024-02-06T14:17:24+00:00\" \/>\n<meta property=\"og:image\" content=\"https:\/\/ecabs.com.mt\/wp-content\/uploads\/2025\/10\/eacbs-preview2.jpg\" \/>\n\t<meta property=\"og:image:width\" content=\"1200\" \/>\n\t<meta property=\"og:image:height\" content=\"630\" \/>\n\t<meta property=\"og:image:type\" content=\"image\/jpeg\" \/>\n<meta name=\"twitter:card\" content=\"summary_large_image\" \/>\n<meta name=\"twitter:label1\" content=\"Tahmini okuma s\u00fcresi\" \/>\n\t<meta name=\"twitter:data1\" content=\"6 dakika\" \/>\n<script type=\"application\/ld+json\" class=\"yoast-schema-graph\">{\"@context\":\"https:\/\/schema.org\",\"@graph\":[{\"@type\":\"WebPage\",\"@id\":\"https:\/\/ecabs.com.mt\/tr\/ride\/\",\"url\":\"https:\/\/ecabs.com.mt\/tr\/ride\/\",\"name\":\"Yolculuk - eCabs App | Book a ride in minutes | eCabs Malta\",\"isPartOf\":{\"@id\":\"https:\/\/ecabs.com.mt\/#website\"},\"datePublished\":\"2021-11-24T12:58:05+00:00\",\"dateModified\":\"2024-02-06T14:17:24+00:00\",\"description\":\"Ride with eCabs Malta. Book any ride style, book now for the fastest pick-ups, or later for rides you wish to pre-plan with the eCabs app.\",\"breadcrumb\":{\"@id\":\"https:\/\/ecabs.com.mt\/tr\/ride\/#breadcrumb\"},\"inLanguage\":\"tr\",\"potentialAction\":[{\"@type\":\"ReadAction\",\"target\":[\"https:\/\/ecabs.com.mt\/tr\/ride\/\"]}]},{\"@type\":\"BreadcrumbList\",\"@id\":\"https:\/\/ecabs.com.mt\/tr\/ride\/#breadcrumb\",\"itemListElement\":[{\"@type\":\"ListItem\",\"position\":1,\"name\":\"Home\",\"item\":\"https:\/\/ecabs.com.mt\/tr\/home\/\"},{\"@type\":\"ListItem\",\"position\":2,\"name\":\"Yolculuk\"}]},{\"@type\":\"WebSite\",\"@id\":\"https:\/\/ecabs.com.mt\/#website\",\"url\":\"https:\/\/ecabs.com.mt\/\",\"name\":\"eCabs App | Book a ride in minutes | eCabs Malta\",\"description\":\"eCabs is Malta\u2019s leading cab company with a large fleet of taxis taking bookings 24\/7 through App, Web or by calling on 21383838\",\"potentialAction\":[{\"@type\":\"SearchAction\",\"target\":{\"@type\":\"EntryPoint\",\"urlTemplate\":\"https:\/\/ecabs.com.mt\/?s={search_term_string}\"},\"query-input\":{\"@type\":\"PropertyValueSpecification\",\"valueRequired\":true,\"valueName\":\"search_term_string\"}}],\"inLanguage\":\"tr\"}]}<\/script>\n<!-- \/ Yoast SEO Premium plugin. -->","yoast_head_json":{"title":"Yolculuk - eCabs App | Book a ride in minutes | eCabs Malta","description":"Ride with eCabs Malta. Book any ride style, book now for the fastest pick-ups, or later for rides you wish to pre-plan with the eCabs app.","robots":{"index":"index","follow":"follow","max-snippet":"max-snippet:-1","max-image-preview":"max-image-preview:large","max-video-preview":"max-video-preview:-1"},"canonical":"https:\/\/ecabs.com.mt\/tr\/ride\/","og_locale":"tr_TR","og_type":"article","og_title":"Yolculuk","og_description":"Ride with eCabs Malta. Book any ride style, book now for the fastest pick-ups, or later for rides you wish to pre-plan with the eCabs app.","og_url":"https:\/\/ecabs.com.mt\/tr\/ride\/","og_site_name":"eCabs App | Book a ride in minutes | eCabs Malta","article_publisher":"https:\/\/www.facebook.com\/eCabsMalta","article_modified_time":"2024-02-06T14:17:24+00:00","og_image":[{"width":1200,"height":630,"url":"https:\/\/ecabs.com.mt\/wp-content\/uploads\/2025\/10\/eacbs-preview2.jpg","type":"image\/jpeg"}],"twitter_card":"summary_large_image","twitter_misc":{"Tahmini okuma s\u00fcresi":"6 dakika"},"schema":{"@context":"https:\/\/schema.org","@graph":[{"@type":"WebPage","@id":"https:\/\/ecabs.com.mt\/tr\/ride\/","url":"https:\/\/ecabs.com.mt\/tr\/ride\/","name":"Yolculuk - eCabs App | Book a ride in minutes | eCabs Malta","isPartOf":{"@id":"https:\/\/ecabs.com.mt\/#website"},"datePublished":"2021-11-24T12:58:05+00:00","dateModified":"2024-02-06T14:17:24+00:00","description":"Ride with eCabs Malta. Book any ride style, book now for the fastest pick-ups, or later for rides you wish to pre-plan with the eCabs app.","breadcrumb":{"@id":"https:\/\/ecabs.com.mt\/tr\/ride\/#breadcrumb"},"inLanguage":"tr","potentialAction":[{"@type":"ReadAction","target":["https:\/\/ecabs.com.mt\/tr\/ride\/"]}]},{"@type":"BreadcrumbList","@id":"https:\/\/ecabs.com.mt\/tr\/ride\/#breadcrumb","itemListElement":[{"@type":"ListItem","position":1,"name":"Home","item":"https:\/\/ecabs.com.mt\/tr\/home\/"},{"@type":"ListItem","position":2,"name":"Yolculuk"}]},{"@type":"WebSite","@id":"https:\/\/ecabs.com.mt\/#website","url":"https:\/\/ecabs.com.mt\/","name":"eCabs App | Book a ride in minutes | eCabs Malta","description":"eCabs is Malta\u2019s leading cab company with a large fleet of taxis taking bookings 24\/7 through App, Web or by calling on 21383838","potentialAction":[{"@type":"SearchAction","target":{"@type":"EntryPoint","urlTemplate":"https:\/\/ecabs.com.mt\/?s={search_term_string}"},"query-input":{"@type":"PropertyValueSpecification","valueRequired":true,"valueName":"search_term_string"}}],"inLanguage":"tr"}]}},"_links":{"self":[{"href":"https:\/\/ecabs.com.mt\/tr\/wp-json\/wp\/v2\/pages\/34528","targetHints":{"allow":["GET"]}}],"collection":[{"href":"https:\/\/ecabs.com.mt\/tr\/wp-json\/wp\/v2\/pages"}],"about":[{"href":"https:\/\/ecabs.com.mt\/tr\/wp-json\/wp\/v2\/types\/page"}],"author":[{"embeddable":true,"href":"https:\/\/ecabs.com.mt\/tr\/wp-json\/wp\/v2\/users\/2"}],"replies":[{"embeddable":true,"href":"https:\/\/ecabs.com.mt\/tr\/wp-json\/wp\/v2\/comments?post=34528"}],"version-history":[{"count":6,"href":"https:\/\/ecabs.com.mt\/tr\/wp-json\/wp\/v2\/pages\/34528\/revisions"}],"predecessor-version":[{"id":35946,"href":"https:\/\/ecabs.com.mt\/tr\/wp-json\/wp\/v2\/pages\/34528\/revisions\/35946"}],"wp:attachment":[{"href":"https:\/\/ecabs.com.mt\/tr\/wp-json\/wp\/v2\/media?parent=34528"}],"curies":[{"name":"wp","href":"https:\/\/api.w.org\/{rel}","templated":true}]}}